{"id":1059,"date":"2024-07-05T13:15:53","date_gmt":"2024-07-05T13:15:53","guid":{"rendered":"https:\/\/sasakrajnc.yourwebdev.com.au\/belezka\/"},"modified":"2025-09-18T04:42:30","modified_gmt":"2025-09-18T04:42:30","slug":"belezka","status":"publish","type":"page","link":"https:\/\/sasakrajnc.yourwebdev.com.au\/sl\/belezka\/","title":{"rendered":"BELE\u017dKA"},"content":{"rendered":"<p>[et_pb_section fb_built=&#8221;1&#8243; custom_padding_last_edited=&#8221;on|phone&#8221; _builder_version=&#8221;4.24.2&#8243; _module_preset=&#8221;default&#8221; background_image=&#8221;https:\/\/sasakrajnc.yourwebdev.com.au\/wp-content\/uploads\/2024\/07\/journal-heroimage.jpg&#8221; background_position=&#8221;bottom_center&#8221; custom_padding=&#8221;10%||12%||false|false&#8221; custom_padding_tablet=&#8221;5%||70%||false|false&#8221; custom_padding_phone=&#8221;10%||90%||false|false&#8221; background_last_edited=&#8221;on|phone&#8221; background_image_tablet=&#8221;https:\/\/sasakrajnc.yourwebdev.com.au\/wp-content\/uploads\/2024\/07\/header-mobile.jpg&#8221; background_enable_image_tablet=&#8221;on&#8221; locked=&#8221;off&#8221; global_colors_info=&#8221;{}&#8221;][et_pb_row column_structure=&#8221;3_5,2_5&#8243; _builder_version=&#8221;4.24.2&#8243; _module_preset=&#8221;default&#8221; max_width=&#8221;1400px&#8221; custom_css_main_element=&#8221;display:flex;||flex-wrap:wrap;&#8221; global_colors_info=&#8221;{}&#8221;][et_pb_column type=&#8221;3_5&#8243; _builder_version=&#8221;4.24.2&#8243; _module_preset=&#8221;default&#8221; global_colors_info=&#8221;{}&#8221; custom_css_main_element_last_edited=&#8221;on|tablet&#8221; custom_css_main_element_tablet=&#8221;order:2;&#8221; custom_css_main_element_phone=&#8221;order:2;&#8221;][\/et_pb_column][et_pb_column type=&#8221;2_5&#8243; _builder_version=&#8221;4.24.2&#8243; _module_preset=&#8221;default&#8221; global_colors_info=&#8221;{}&#8221;][et_pb_text _builder_version=&#8221;4.27.4&#8243; _module_preset=&#8221;default&#8221; text_font_size=&#8221;20px&#8221; text_line_height=&#8221;1.6em&#8221; header_font=&#8221;Open Sans||||||||&#8221; header_text_align=&#8221;center&#8221; header_text_color=&#8221;#000000&#8243; header_font_size=&#8221;35px&#8221; header_line_height=&#8221;1.4em&#8221; header_2_font=&#8221;Sentania||||||||&#8221; header_2_text_color=&#8221;gcid-f7718a8f-237c-443f-bcd5-48c90490e87a&#8221; header_2_font_size=&#8221;80px&#8221; header_3_font=&#8221;Open Sans|||on|||||&#8221; header_3_text_color=&#8221;gcid-f7718a8f-237c-443f-bcd5-48c90490e87a&#8221; header_3_font_size=&#8221;20px&#8221; header_3_letter_spacing=&#8221;2px&#8221; header_3_line_height=&#8221;1.3em&#8221; text_orientation=&#8221;center&#8221; custom_margin=&#8221;||22px|||&#8221; text_font_size_tablet=&#8221;20px&#8221; text_font_size_phone=&#8221;18px&#8221; text_font_size_last_edited=&#8221;on|phone&#8221; text_line_height_tablet=&#8221;1.6em&#8221; text_line_height_phone=&#8221;1.4em&#8221; text_line_height_last_edited=&#8221;on|phone&#8221; header_font_size_tablet=&#8221;30px&#8221; header_font_size_phone=&#8221;25px&#8221; header_font_size_last_edited=&#8221;on|phone&#8221; header_2_font_size_tablet=&#8221;60px&#8221; header_2_font_size_phone=&#8221;55px&#8221; header_2_font_size_last_edited=&#8221;on|phone&#8221; header_3_font_size_tablet=&#8221;18px&#8221; header_3_font_size_phone=&#8221;18px&#8221; header_3_font_size_last_edited=&#8221;on|tablet&#8221; global_colors_info=&#8221;{%22gcid-f7718a8f-237c-443f-bcd5-48c90490e87a%22:%91%22header_3_text_color%22,%22header_2_text_color%22%93}&#8221;]<\/p>\n<h2>Bele\u017eka<\/h2>\n<h1>PREBUDNICA<\/h1>\n<p>[\/et_pb_text][et_pb_button button_url=&#8221;https:\/\/shop.sasakrajnc.si\/sl\/products\/worthy-scented-candle&#8221; url_new_window=&#8221;on&#8221; button_text=&#8221;PODARJAM (SI) PREBUDNICO!&#8221; button_alignment=&#8221;center&#8221; _builder_version=&#8221;4.27.4&#8243; _module_preset=&#8221;default&#8221; hover_enabled=&#8221;0&#8243; global_colors_info=&#8221;{}&#8221; sticky_enabled=&#8221;0&#8243;][\/et_pb_button][\/et_pb_column][\/et_pb_row][\/et_pb_section][et_pb_section fb_built=&#8221;1&#8243; disabled_on=&#8221;off|off|off&#8221; _builder_version=&#8221;4.27.0&#8243; _module_preset=&#8221;default&#8221; background_image=&#8221;https:\/\/sasakrajnc.yourwebdev.com.au\/wp-content\/uploads\/2024\/07\/journaling-journey.png&#8221; background_size=&#8221;custom&#8221; background_image_width=&#8221;45%&#8221; background_position=&#8221;center_right&#8221; custom_padding=&#8221;5%||5%||false|false&#8221; background_last_edited=&#8221;on|phone&#8221; background_size_tablet=&#8221;contain&#8221; background_position_tablet=&#8221;bottom_center&#8221; locked=&#8221;off&#8221; global_colors_info=&#8221;{}&#8221;][et_pb_row column_structure=&#8221;1_2,1_2&#8243; use_custom_gutter=&#8221;on&#8221; _builder_version=&#8221;4.27.0&#8243; _module_preset=&#8221;default&#8221; max_width=&#8221;1400px&#8221; custom_padding=&#8221;||0px||false|false&#8221; global_colors_info=&#8221;{}&#8221;][et_pb_column type=&#8221;1_2&#8243; _builder_version=&#8221;4.27.0&#8243; _module_preset=&#8221;default&#8221; custom_padding=&#8221;||||false|false&#8221; custom_padding_tablet=&#8221;||||false|false&#8221; custom_padding_phone=&#8221;0px|0px|0px|0px|false|false&#8221; custom_padding_last_edited=&#8221;on|tablet&#8221; global_colors_info=&#8221;{}&#8221;][et_pb_text _builder_version=&#8221;4.27.0&#8243; _module_preset=&#8221;default&#8221; text_line_height=&#8221;1.6em&#8221; header_3_font=&#8221;&#8211;et_global_body_font||||||||&#8221; header_3_text_color=&#8221;gcid-f7718a8f-237c-443f-bcd5-48c90490e87a&#8221; header_3_font_size=&#8221;23px&#8221; header_3_line_height=&#8221;1.4em&#8221; header_4_font=&#8221;Open Sans|600|||||||&#8221; header_4_text_color=&#8221;gcid-f7718a8f-237c-443f-bcd5-48c90490e87a&#8221; header_4_font_size=&#8221;20px&#8221; header_4_line_height=&#8221;1.2em&#8221; header_3_font_size_tablet=&#8221;23px&#8221; header_3_font_size_phone=&#8221;20px&#8221; header_3_font_size_last_edited=&#8221;on|phone&#8221; global_colors_info=&#8221;{%22gcid-f7718a8f-237c-443f-bcd5-48c90490e87a%22:%91%22header_4_text_color%22,%22header_3_text_color%22%93}&#8221;]<\/p>\n<h3>Bele\u017eka Prebudnica vas bo s svojo vsebino ne\u017eno spodbujala, da se podate na pot spoznavanja sebe in odkrijete, kdo ste.\u00a0<\/h3>\n<p>Bele\u017eka je sestavljena iz uvodnega nagovora avtorice, njene strani pa krasi 33 du\u0161nih pobo\u017ekov, \u010dudovitih misli za negovanje pristnosti in ljubezni do sebe.<\/p>\n<p>Ustvarjeni so z namenom, da vas kot navdihujo\u010di smerokazi vodijo vase, spodbujajo k negovanju ljube\u010dega odnosa s sabo in ne\u017eno opogumljajo, da se ustavite, umirite in prisluhnete \u0161epetu svoje notranjosti.<\/p>\n<p>Pri tem vas bo vodila Prebujena, angel\u010dica z naslovnice. Na poteh raziskovanja va\u0161e dragocene notranjosti vas bo \u010dute\u010de navdihovala, da uporabite notranjo mo\u010d za ustvarjanje \u010dudovitega \u017eivljenja, po katerem hrepeni va\u0161e srce.<\/p>\n<p>\u0160tevilo strani: 200<\/p>\n<p>Format: 164 x 220 mm<\/p>\n<p>Cena: 29 EUR<\/p>\n<p>[\/et_pb_text][et_pb_button button_url=&#8221;https:\/\/shop.sasakrajnc.si\/sl\/products\/worthy-scented-candle&#8221; url_new_window=&#8221;on&#8221; button_text=&#8221;PODAJTE SE NA POT ODKRIVANJA SEBE!&#8221; button_alignment=&#8221;left&#8221; _builder_version=&#8221;4.27.4&#8243; _module_preset=&#8221;default&#8221; hover_enabled=&#8221;0&#8243; global_colors_info=&#8221;{}&#8221; sticky_enabled=&#8221;0&#8243;][\/et_pb_button][et_pb_code _builder_version=&#8221;4.24.2&#8243; _module_preset=&#8221;default&#8221; height=&#8221;0px&#8221; height_tablet=&#8221;370px&#8221; height_phone=&#8221;100px&#8221; height_last_edited=&#8221;on|desktop&#8221; global_colors_info=&#8221;{}&#8221;][\/et_pb_code][\/et_pb_column][et_pb_column type=&#8221;1_2&#8243; _builder_version=&#8221;4.24.2&#8243; _module_preset=&#8221;default&#8221; background_enable_image=&#8221;off&#8221; global_colors_info=&#8221;{}&#8221;][et_pb_image src=&#8221;https:\/\/sasakrajnc.yourwebdev.com.au\/wp-content\/uploads\/2024\/07\/side-flowers.png&#8221; alt=&#8221;stranski cvetovi&#8221; title_text=&#8221;stranski cvetovi&#8221; align=&#8221;right&#8221; _builder_version=&#8221;4.27.0&#8243; _module_preset=&#8221;default&#8221; positioning=&#8221;relative&#8221; position_origin_r=&#8221;bottom_right&#8221; vertical_offset=&#8221;-515px&#8221; horizontal_offset=&#8221;-166px&#8221; z_index=&#8221;2&#8243; vertical_offset_tablet=&#8221;190px&#8221; vertical_offset_phone=&#8221;150px&#8221; vertical_offset_last_edited=&#8221;on|phone&#8221; position_origin_a_tablet=&#8221;&#8221; position_origin_a_phone=&#8221;&#8221; position_origin_a_last_edited=&#8221;on|phone&#8221; position_origin_f_tablet=&#8221;&#8221; position_origin_f_phone=&#8221;&#8221; position_origin_f_last_edited=&#8221;on|phone&#8221; position_origin_r_tablet=&#8221;top_right&#8221; position_origin_r_phone=&#8221;top_right&#8221; position_origin_r_last_edited=&#8221;on|tablet&#8221; width=&#8221;20%&#8221; width_tablet=&#8221;14%&#8221; width_phone=&#8221;18%&#8221; width_last_edited=&#8221;on|phone&#8221; positioning_tablet=&#8221;relative&#8221; positioning_phone=&#8221;relative&#8221; positioning_last_edited=&#8221;on|phone&#8221; locked=&#8221;off&#8221; global_colors_info=&#8221;{}&#8221;][\/et_pb_image][\/et_pb_column][\/et_pb_row][\/et_pb_section][et_pb_section fb_built=&#8221;1&#8243; _builder_version=&#8221;4.27.0&#8243; _module_preset=&#8221;default&#8221; background_image=&#8221;https:\/\/sasakrajnc.yourwebdev.com.au\/wp-content\/uploads\/2024\/07\/testimonial-backgroun.jpg&#8221; custom_padding=&#8221;5%||5%||false|false&#8221; global_colors_info=&#8221;{}&#8221;][et_pb_row column_structure=&#8221;1_3,1_3,1_3&#8243; _builder_version=&#8221;4.27.0&#8243; _module_preset=&#8221;default&#8221; max_width=&#8221;1400px&#8221; global_colors_info=&#8221;{}&#8221;][et_pb_column type=&#8221;1_3&#8243; _builder_version=&#8221;4.24.2&#8243; _module_preset=&#8221;default&#8221; global_colors_info=&#8221;{}&#8221;][et_pb_blurb title=&#8221;Ko je Prebudnica pripotovala k meni, sem se vanjo zaljubila na prvi pogled in dotik.&#8221; image=&#8221;https:\/\/sasakrajnc.yourwebdev.com.au\/wp-content\/uploads\/2024\/07\/tina-testimonial.png&#8221; alt=&#8221;tina pri\u010devanje&#8221; image_icon_width=&#8221;65%&#8221; icon_alignment=&#8221;left&#8221; icon_alignment_tablet=&#8221;center&#8221; icon_alignment_phone=&#8221;center&#8221; icon_alignment_last_edited=&#8221;on|phone&#8221; _builder_version=&#8221;4.27.4&#8243; _module_preset=&#8221;default&#8221; header_level=&#8221;h3&#8243; header_font_size=&#8221;26px&#8221; header_line_height=&#8221;1.3em&#8221; body_line_height=&#8221;1.6em&#8221; header_text_align_tablet=&#8221;center&#8221; header_text_align_phone=&#8221;center&#8221; header_text_align_last_edited=&#8221;on|phone&#8221; header_font_size_tablet=&#8221;26px&#8221; header_font_size_phone=&#8221;24px&#8221; header_font_size_last_edited=&#8221;on|phone&#8221; body_text_align_tablet=&#8221;center&#8221; body_text_align_phone=&#8221;center&#8221; body_text_align_last_edited=&#8221;on|phone&#8221; global_colors_info=&#8221;{}&#8221;]<\/p>\n<p>Kot da utele\u0161a posebno, zame prav \u010darobno energijo, ki me kli\u010de k najbolj\u0161emu, kar si lahko zamislim. V tem \u010dasu, ko domuje pri meni, si vanjo zapisujem navdihe, uvide, utrinke, ki mi jih sporo\u010da du\u0161na modrost. Prebudnico ob\u010dutim kot dobro prijateljico, ki me spodbuja, naj si zaupam, me objame s svojo toplo pris(o)tnostjo in ustvarja prostor miru in lepote.<\/p>\n<p><strong>Dr. Tina Ko\u0161ir<\/strong>, <em>mentorica za celostni osebni razvoj, u\u010diteljica joge in meditacije<\/em><\/p>\n<p>[\/et_pb_blurb][\/et_pb_column][et_pb_column type=&#8221;1_3&#8243; _builder_version=&#8221;4.24.2&#8243; _module_preset=&#8221;default&#8221; global_colors_info=&#8221;{}&#8221;][et_pb_blurb title=&#8221;Prebudnica me spodbuja, v\u010dasih potola\u017ei, velikokrat potrdi moje misli in vsaki\u010d znova pobo\u017ea mojo du\u0161o.&#8221; image=&#8221;https:\/\/sasakrajnc.yourwebdev.com.au\/wp-content\/uploads\/2024\/07\/polona-testimonial.png&#8221; alt=&#8221;Polona pri\u010devanje&#8221; image_icon_width=&#8221;65%&#8221; icon_alignment=&#8221;left&#8221; icon_alignment_tablet=&#8221;center&#8221; icon_alignment_phone=&#8221;center&#8221; icon_alignment_last_edited=&#8221;on|phone&#8221; _builder_version=&#8221;4.27.0&#8243; _module_preset=&#8221;default&#8221; header_level=&#8221;h3&#8243; header_font_size=&#8221;26px&#8221; header_line_height=&#8221;1.3em&#8221; body_line_height=&#8221;1.6em&#8221; header_font_size_tablet=&#8221;26px&#8221; header_font_size_phone=&#8221;24px&#8221; header_font_size_last_edited=&#8221;on|phone&#8221; text_orientation_tablet=&#8221;center&#8221; text_orientation_phone=&#8221;center&#8221; text_orientation_last_edited=&#8221;on|tablet&#8221; global_colors_info=&#8221;{}&#8221;]<\/p>\n<p>Odkar sem dobila svojo Prebudnico, sem jih naro\u010dila \u017ee dvajset. Podarjam jih svojim prijateljicam in strankam.<\/p>\n<p>Poleg skodelice kave je Prebudnica stalnica, ki me spremlja vsako jutro. Vanjo zapisujem svoje misli in sanje (tiste, ki jih sanjam z odprtimi o\u010dmi).<\/p>\n<p><strong>Polona Po\u017egan, <\/strong><em>komunikacijska strokovnjakinja in predavateljica\u00a0<\/em><strong><\/strong><strong><\/strong><\/p>\n<p>[\/et_pb_blurb][\/et_pb_column][et_pb_column type=&#8221;1_3&#8243; _builder_version=&#8221;4.24.2&#8243; _module_preset=&#8221;default&#8221; global_colors_info=&#8221;{}&#8221;][et_pb_blurb title=&#8221;Prebudnica je lepa in elegantna, kot njena \u010dudovita avtorica.&#8221; image=&#8221;https:\/\/sasakrajnc.yourwebdev.com.au\/wp-content\/uploads\/2024\/07\/lorella-testimonial.png&#8221; alt=&#8221;lorella pri\u010devanje&#8221; image_icon_width=&#8221;65%&#8221; icon_alignment=&#8221;left&#8221; icon_alignment_tablet=&#8221;center&#8221; icon_alignment_phone=&#8221;center&#8221; icon_alignment_last_edited=&#8221;on|phone&#8221; _builder_version=&#8221;4.27.0&#8243; _module_preset=&#8221;default&#8221; header_level=&#8221;h3&#8243; header_font_size=&#8221;26px&#8221; header_line_height=&#8221;1.3em&#8221; body_line_height=&#8221;1.6em&#8221; header_font_size_tablet=&#8221;26px&#8221; header_font_size_phone=&#8221;24px&#8221; header_font_size_last_edited=&#8221;on|phone&#8221; text_orientation_tablet=&#8221;center&#8221; text_orientation_phone=&#8221;center&#8221; text_orientation_last_edited=&#8221;on|tablet&#8221; global_colors_info=&#8221;{}&#8221;]<\/p>\n<p>Vsakokrat, ko jo pogledam v o\u010di, preprosto vem, da je bila v mojem \u017eivljenju darilo in ni naklju\u010dje, da so se najine poti sre\u010dale.\u00a0<\/p>\n<p>Prebudnico zelo rada prebiram in gledam, saj so v njej citati in zelo ne\u017ene strani, \u017eenstvene in tihe, vedno prave za moje misli.<\/p>\n<p><strong>Lorella Flego, <\/strong><em>TV voditeljica, modna urednica in psihologinja<\/em><\/p>\n<p>[\/et_pb_blurb][\/et_pb_column][\/et_pb_row][\/et_pb_section][et_pb_section fb_built=&#8221;1&#8243; custom_padding_last_edited=&#8221;on|phone&#8221; disabled_on=&#8221;off|off|off&#8221; _builder_version=&#8221;4.27.0&#8243; _module_preset=&#8221;default&#8221; background_enable_image=&#8221;off&#8221; background_size=&#8221;custom&#8221; background_image_width=&#8221;45%&#8221; background_position=&#8221;center_left&#8221; custom_padding=&#8221;5%||5%||false|false&#8221; custom_padding_tablet=&#8221;||50px||false|false&#8221; custom_padding_phone=&#8221;||20px||false|false&#8221; background_last_edited=&#8221;on|tablet&#8221; background_size_tablet=&#8221;contain&#8221; background_position_tablet=&#8221;top_center&#8221; locked=&#8221;off&#8221; global_colors_info=&#8221;{}&#8221;][et_pb_row column_structure=&#8221;1_2,1_2&#8243; use_custom_gutter=&#8221;on&#8221; module_class=&#8221;flip&#8221; _builder_version=&#8221;4.27.0&#8243; _module_preset=&#8221;default&#8221; max_width=&#8221;1400px&#8221; custom_padding=&#8221;||0px||false|false&#8221; global_colors_info=&#8221;{}&#8221;][et_pb_column type=&#8221;1_2&#8243; _builder_version=&#8221;4.24.2&#8243; _module_preset=&#8221;default&#8221; background_enable_image=&#8221;off&#8221; global_colors_info=&#8221;{}&#8221;][et_pb_image src=&#8221;https:\/\/sasakrajnc.yourwebdev.com.au\/wp-content\/uploads\/2024\/07\/how-to-use-the-journal.png&#8221; alt=&#8221;Kako uporabljati Prebudnico&#8221; title_text=&#8221;Kako uporabljati Prebudnico&#8221; _builder_version=&#8221;4.27.0&#8243; _module_preset=&#8221;default&#8221; custom_margin=&#8221;|||-30%|false|false&#8221; custom_margin_tablet=&#8221;50px|||-15%|false|false&#8221; custom_margin_phone=&#8221;50px|||-15%|false|false&#8221; custom_margin_last_edited=&#8221;on|phone&#8221; global_colors_info=&#8221;{}&#8221;][\/et_pb_image][\/et_pb_column][et_pb_column type=&#8221;1_2&#8243; _builder_version=&#8221;4.27.0&#8243; _module_preset=&#8221;default&#8221; custom_padding=&#8221;||||false|false&#8221; custom_padding_tablet=&#8221;||||false|false&#8221; custom_padding_phone=&#8221;0px||||false|false&#8221; custom_padding_last_edited=&#8221;on|phone&#8221; global_colors_info=&#8221;{}&#8221;][et_pb_text _builder_version=&#8221;4.27.0&#8243; _module_preset=&#8221;default&#8221; header_2_text_color=&#8221;gcid-f7718a8f-237c-443f-bcd5-48c90490e87a&#8221; header_2_font_size=&#8221;40px&#8221; header_2_font_size_tablet=&#8221;40px&#8221; header_2_font_size_phone=&#8221;30px&#8221; header_2_font_size_last_edited=&#8221;on|phone&#8221; global_colors_info=&#8221;{%22gcid-f7718a8f-237c-443f-bcd5-48c90490e87a%22:%91%22header_2_text_color%22%93}&#8221;]<\/p>\n<h2>Kako uporabljati Prebudnico?<\/h2>\n<p>[\/et_pb_text][et_pb_text _builder_version=&#8221;4.27.4&#8243; _module_preset=&#8221;default&#8221; text_line_height=&#8221;1.6em&#8221; header_4_font=&#8221;Open Sans|600|||||||&#8221; header_4_text_color=&#8221;gcid-f7718a8f-237c-443f-bcd5-48c90490e87a&#8221; header_4_font_size=&#8221;20px&#8221; header_4_line_height=&#8221;1.2em&#8221; global_colors_info=&#8221;{%22gcid-f7718a8f-237c-443f-bcd5-48c90490e87a%22:%91%22header_4_text_color%22%93}&#8221;]<\/p>\n<p>Prazne strani Prebudnice lahko uporabite za pisanje dnevnika hvale\u017enosti, zapisovanje misli, ob\u010dutkov in \u010dustev, pomembnih uvidov, plemenitih ciljev, drznih \u017eelja, vznemirljivih odlo\u010ditev in pogumnih korakov ter za ustvarjanje vizije prihodnosti, ki vas \u017ee danes prijetno vznemirja in radostno navdu\u0161uje.<\/p>\n<p>Pisanje je eno od najpomembnej\u0161ih orodij osebne preobrazbe.<br \/>\u010ce boste vsak dan, zjutraj ali zve\u010der, namenili 10 do 20 minut pisanju, boste:<\/p>\n<ul>\n<li>na\u0161li <strong>varen prostor<\/strong>, kjer lahko na zdrav na\u010din razre\u0161ujete vsakdanje tegobe,<\/li>\n<li>ozavestili, za\u010dutili in sprostili neprijetna \u010dustva, ki du\u0161ijo va\u0161o <strong>sr(e)\u010dnost<\/strong> in <strong>ustvarjalnost<\/strong>,<\/li>\n<li>se nau\u010dili<strong> prisluhniti<\/strong> <strong>sebi<\/strong> in prepoznavati ljube\u010d<strong> notranji<\/strong> <strong>glas vi\u0161jega<\/strong> <strong>jaza<\/strong>,<\/li>\n<li>ozavestili svoje<strong> sr\u010dne \u017eelje<\/strong> in <strong>za\u010drtali korake<\/strong> za njihovo uresni\u010ditev.<\/li>\n<\/ul>\n<p>In \u0161e veliko ve\u010d&#8230;<\/p>\n<p>[\/et_pb_text][et_pb_button button_url=&#8221;https:\/\/shop.sasakrajnc.si\/sl\/products\/worthy-scented-candle&#8221; url_new_window=&#8221;on&#8221; button_text=&#8221;PRIPRAVLJENA SEM VZETI \u017dIVLJENJE V SVOJE ROKE!&#8221; button_alignment=&#8221;left&#8221; _builder_version=&#8221;4.27.4&#8243; _module_preset=&#8221;default&#8221; hover_enabled=&#8221;0&#8243; global_colors_info=&#8221;{}&#8221; sticky_enabled=&#8221;0&#8243;][\/et_pb_button][\/et_pb_column][\/et_pb_row][\/et_pb_section][et_pb_section fb_built=&#8221;1&#8243; custom_padding_last_edited=&#8221;on|phone&#8221; disabled_on=&#8221;off|off|off&#8221; _builder_version=&#8221;4.27.4&#8243; _module_preset=&#8221;default&#8221; background_image=&#8221;https:\/\/sasakrajnc.yourwebdev.com.au\/wp-content\/uploads\/2024\/07\/bonus.jpg&#8221; background_position=&#8221;center_right&#8221; custom_margin=&#8221;0px||||false|false&#8221; custom_padding=&#8221;3%||5%||false|false&#8221; custom_padding_tablet=&#8221;||0px||false|false&#8221; custom_padding_phone=&#8221;15px||0px||false|false&#8221; background_last_edited=&#8221;on|tablet&#8221; background_image_tablet=&#8221;https:\/\/sasakrajnc.yourwebdev.com.au\/wp-content\/uploads\/2024\/07\/bonus-mobile.jpg&#8221; background_enable_image_tablet=&#8221;on&#8221; background_size_tablet=&#8221;cover&#8221; background_position_tablet=&#8221;bottom_center&#8221; background_position_phone=&#8221;bottom_right&#8221; locked=&#8221;off&#8221; global_colors_info=&#8221;{}&#8221;][et_pb_row column_structure=&#8221;2_5,3_5&#8243; use_custom_gutter=&#8221;on&#8221; _builder_version=&#8221;4.27.0&#8243; _module_preset=&#8221;default&#8221; max_width=&#8221;1400px&#8221; custom_padding=&#8221;||0px||false|false&#8221; global_colors_info=&#8221;{}&#8221;][et_pb_column type=&#8221;2_5&#8243; _builder_version=&#8221;4.27.0&#8243; _module_preset=&#8221;default&#8221; custom_padding=&#8221;||||false|false&#8221; custom_padding_tablet=&#8221;0px||||false|false&#8221; custom_padding_phone=&#8221;0px|0px|0px|0px|false|false&#8221; custom_padding_last_edited=&#8221;on|tablet&#8221; global_colors_info=&#8221;{}&#8221;][et_pb_text _builder_version=&#8221;4.27.4&#8243; _module_preset=&#8221;default&#8221; header_2_font=&#8221;||||||||&#8221; header_2_text_color=&#8221;gcid-f7718a8f-237c-443f-bcd5-48c90490e87a&#8221; header_2_font_size=&#8221;30px&#8221; header_2_line_height=&#8221;1.4em&#8221; header_3_font=&#8221;Open Sans|||on|||||&#8221; header_3_text_align=&#8221;left&#8221; header_3_text_color=&#8221;gcid-f7718a8f-237c-443f-bcd5-48c90490e87a&#8221; header_3_font_size=&#8221;20px&#8221; header_3_letter_spacing=&#8221;1px&#8221; header_3_line_height=&#8221;1.4em&#8221; custom_margin=&#8221;||8px|||&#8221; header_2_font_size_tablet=&#8221;&#8221; header_2_font_size_phone=&#8221;24px&#8221; header_2_font_size_last_edited=&#8221;on|phone&#8221; header_3_font_size_tablet=&#8221;20px&#8221; header_3_font_size_phone=&#8221;18px&#8221; header_3_font_size_last_edited=&#8221;on|phone&#8221; global_colors_info=&#8221;{%22gcid-f7718a8f-237c-443f-bcd5-48c90490e87a%22:%91%22header_2_text_color%22,%22header_3_text_color%22%93}&#8221;]<\/p>\n<h3>DARILO<\/h3>\n<h2>Se \u017eelite podati na pot spoznavanja sebe, pa ne veste, kako se tega lotiti?<\/h2>\n<p>[\/et_pb_text][et_pb_text _builder_version=&#8221;4.27.4&#8243; _module_preset=&#8221;default&#8221; text_line_height=&#8221;1.6em&#8221; header_4_font=&#8221;Open Sans|600|||||||&#8221; header_4_text_color=&#8221;gcid-f7718a8f-237c-443f-bcd5-48c90490e87a&#8221; header_4_font_size=&#8221;20px&#8221; header_4_line_height=&#8221;1.2em&#8221; global_colors_info=&#8221;{%22gcid-f7718a8f-237c-443f-bcd5-48c90490e87a%22:%91%22header_4_text_color%22%93}&#8221;]<\/p>\n<p>Ob nakupu bele\u017eke Prebudnica vam podarimo spletni program Prebujena: <strong>21 dni za spoznavanje in izra\u017eanje sebe<\/strong> (v vrednosti 45 EUR).<\/p>\n<p><strong>Program vsebuje 21 izto\u010dnic za pisanje dnevnika, ki vam bodo pomagale:<\/strong><\/p>\n<p>\u2022 prisluhniti sebi,<br \/>\u2022 spozna(va)ti in izra\u017eati sebe,<br \/>\u2022 vzpostaviti negujo\u010d odnos s sabo,<br \/>\u2022 poglobiti ljubezen do sebe.<\/p>\n<p>[\/et_pb_text][et_pb_button button_url=&#8221;https:\/\/shop.sasakrajnc.si\/sl\/products\/worthy-scented-candle&#8221; url_new_window=&#8221;on&#8221; button_text=&#8221;HVALE\u017dNO SPREJMEM!&#8221; button_alignment=&#8221;left&#8221; _builder_version=&#8221;4.27.4&#8243; _module_preset=&#8221;default&#8221; hover_enabled=&#8221;0&#8243; global_colors_info=&#8221;{}&#8221; sticky_enabled=&#8221;0&#8243;][\/et_pb_button][\/et_pb_column][et_pb_column type=&#8221;3_5&#8243; _builder_version=&#8221;4.24.2&#8243; _module_preset=&#8221;default&#8221; background_enable_image=&#8221;off&#8221; global_colors_info=&#8221;{}&#8221;][et_pb_code _builder_version=&#8221;4.24.2&#8243; _module_preset=&#8221;default&#8221; height=&#8221;0px&#8221; height_tablet=&#8221;550px&#8221; height_phone=&#8221;465px&#8221; height_last_edited=&#8221;on|phone&#8221; global_colors_info=&#8221;{}&#8221;][\/et_pb_code][\/et_pb_column][\/et_pb_row][\/et_pb_section]<\/p>\n","protected":false},"excerpt":{"rendered":"<p>Bele\u017eka PREBUDNICABele\u017eka Prebudnica vas bo s svojo vsebino ne\u017eno spodbujala, da se podate na pot spoznavanja sebe in odkrijete, kdo ste.\u00a0 Bele\u017eka je sestavljena iz uvodnega nagovora avtorice, njene strani pa krasi 33 du\u0161nih pobo\u017ekov, \u010dudovitih misli za negovanje pristnosti in ljubezni do sebe. Ustvarjeni so z namenom, da vas kot navdihujo\u010di smerokazi vodijo vase, [&hellip;]<\/p>\n","protected":false},"author":3,"featured_media":0,"parent":0,"menu_order":0,"comment_status":"closed","ping_status":"closed","template":"","meta":{"_seopress_robots_primary_cat":"","_seopress_titles_title":"","_seopress_titles_desc":"","_seopress_robots_index":"","_seopress_analysis_target_kw":"","_et_pb_use_builder":"on","_et_pb_old_content":"","_et_gb_content_width":"","footnotes":""},"class_list":["post-1059","page","type-page","status-publish","hentry"],"_links":{"self":[{"href":"https:\/\/sasakrajnc.yourwebdev.com.au\/sl\/wp-json\/wp\/v2\/pages\/1059","targetHints":{"allow":["GET"]}}],"collection":[{"href":"https:\/\/sasakrajnc.yourwebdev.com.au\/sl\/wp-json\/wp\/v2\/pages"}],"about":[{"href":"https:\/\/sasakrajnc.yourwebdev.com.au\/sl\/wp-json\/wp\/v2\/types\/page"}],"author":[{"embeddable":true,"href":"https:\/\/sasakrajnc.yourwebdev.com.au\/sl\/wp-json\/wp\/v2\/users\/3"}],"replies":[{"embeddable":true,"href":"https:\/\/sasakrajnc.yourwebdev.com.au\/sl\/wp-json\/wp\/v2\/comments?post=1059"}],"version-history":[{"count":15,"href":"https:\/\/sasakrajnc.yourwebdev.com.au\/sl\/wp-json\/wp\/v2\/pages\/1059\/revisions"}],"predecessor-version":[{"id":2353,"href":"https:\/\/sasakrajnc.yourwebdev.com.au\/sl\/wp-json\/wp\/v2\/pages\/1059\/revisions\/2353"}],"wp:attachment":[{"href":"https:\/\/sasakrajnc.yourwebdev.com.au\/sl\/wp-json\/wp\/v2\/media?parent=1059"}],"curies":[{"name":"wp","href":"https:\/\/api.w.org\/{rel}","templated":true}]}}