{"id":1062,"date":"2024-01-08T03:44:45","date_gmt":"2024-01-08T03:44:45","guid":{"rendered":"https:\/\/sasakrajnc.yourwebdev.com.au\/knjiga\/"},"modified":"2025-10-07T12:15:29","modified_gmt":"2025-10-07T12:15:29","slug":"knjiga","status":"publish","type":"page","link":"https:\/\/sasakrajnc.yourwebdev.com.au\/sl\/knjiga\/","title":{"rendered":"Od Pridnosti K Pristnosti"},"content":{"rendered":"<p>[et_pb_section fb_built=&#8221;1&#8243; custom_padding_last_edited=&#8221;on|phone&#8221; _builder_version=&#8221;4.27.4&#8243; _module_preset=&#8221;default&#8221; background_image=&#8221;https:\/\/sasakrajnc.yourwebdev.com.au\/wp-content\/uploads\/2025\/10\/knjiga.png&#8221; background_position=&#8221;bottom_right&#8221; custom_margin=&#8221;39px||||false|false&#8221; custom_padding=&#8221;25.4%||14.4%||false|false&#8221; custom_padding_tablet=&#8221;5%||80%||false|false&#8221; custom_padding_phone=&#8221;5%||80%||false|false&#8221; link_option_url=&#8221;https:\/\/emka.si\/products\/od-pridnosti-k-pristnosti&#8221; hover_enabled=&#8221;0&#8243; background_last_edited=&#8221;on|phone&#8221; background_image_tablet=&#8221;https:\/\/sasakrajnc.yourwebdev.com.au\/wp-content\/uploads\/2025\/10\/knjiga-od-prisnosti-k-pristnosti.png&#8221; background_enable_image_tablet=&#8221;on&#8221; global_colors_info=&#8221;{}&#8221; custom_margin_last_edited=&#8221;on|tablet&#8221; sticky_enabled=&#8221;0&#8243; alt=&#8221;knjiga od prisnosti k pristnosti&#8221; title_text=&#8221;knjiga od prisnosti k pristnosti&#8221; background_size_tablet=&#8221;contain&#8221; background_position_tablet=&#8221;top_center&#8221; background_position_phone=&#8221;center&#8221; custom_margin_tablet=&#8221;39px||||false|false&#8221; custom_margin_phone=&#8221;39px||||false|false&#8221;][\/et_pb_section][et_pb_section fb_built=&#8221;1&#8243; _builder_version=&#8221;4.27.4&#8243; _module_preset=&#8221;default&#8221; custom_padding=&#8221;17px||0px||false|false&#8221; global_colors_info=&#8221;{}&#8221;][et_pb_row column_structure=&#8221;1_5,3_5,1_5&#8243; use_custom_gutter=&#8221;on&#8221; gutter_width=&#8221;1&#8243; make_equal=&#8221;on&#8221; module_class=&#8221;flip&#8221; _builder_version=&#8221;4.27.4&#8243; _module_preset=&#8221;default&#8221; background_color=&#8221;gcid-aa8225af-5fe4-418f-a9f2-fdd5271de708&#8243; width=&#8221;100%&#8221; max_width=&#8221;100%&#8221; custom_margin=&#8221;-17px||-66px||false|false&#8221; custom_padding=&#8221;2px||1px||false|false&#8221; global_colors_info=&#8221;{%22gcid-aa8225af-5fe4-418f-a9f2-fdd5271de708%22:%91%22background_color%22%93}&#8221;][et_pb_column type=&#8221;1_5&#8243; _builder_version=&#8221;4.27.0&#8243; _module_preset=&#8221;default&#8221; custom_css_main_element=&#8221;margin-top: auto;&#8221; global_colors_info=&#8221;{}&#8221;][\/et_pb_column][et_pb_column type=&#8221;3_5&#8243; _builder_version=&#8221;4.27.0&#8243; _module_preset=&#8221;default&#8221; custom_css_main_element=&#8221;margin-top: auto;&#8221; global_colors_info=&#8221;{}&#8221;][et_pb_text _builder_version=&#8221;4.27.4&#8243; _module_preset=&#8221;default&#8221; text_line_height=&#8221;1.6em&#8221; header_2_text_color=&#8221;gcid-f7718a8f-237c-443f-bcd5-48c90490e87a&#8221; header_2_font_size=&#8221;44px&#8221; header_2_line_height=&#8221;1.2em&#8221; header_3_font=&#8221;Open Sans|||on|||||&#8221; header_3_text_color=&#8221;gcid-f7718a8f-237c-443f-bcd5-48c90490e87a&#8221; header_3_font_size=&#8221;20px&#8221; header_3_letter_spacing=&#8221;2px&#8221; header_3_line_height=&#8221;1.3em&#8221; text_orientation=&#8221;center&#8221; width=&#8221;100%&#8221; custom_margin=&#8221;0px||33px||false|false&#8221; custom_padding=&#8221;67px||||false|false&#8221; header_2_font_size_tablet=&#8221;44px&#8221; header_2_font_size_phone=&#8221;28px&#8221; header_2_font_size_last_edited=&#8221;on|phone&#8221; header_3_font_size_tablet=&#8221;20px&#8221; header_3_font_size_phone=&#8221;18px&#8221; header_3_font_size_last_edited=&#8221;on|phone&#8221; locked=&#8221;off&#8221; global_colors_info=&#8221;{%22gcid-f7718a8f-237c-443f-bcd5-48c90490e87a%22:%91%22header_3_text_color%22,%22header_2_text_color%22%93}&#8221;]<\/p>\n<h2>Od pridnosti k pristnosti<\/h2>\n<p>je edinstvena knjiga, ki na izjemno oseben na\u010din razkriva, kako <strong>ustvarimo svojo vizijo<\/strong>, se <strong>osvobodimo omejujo\u010dih prepri\u010danj <\/strong>in<strong> vzorcev<\/strong>, ki smo jih pridobili med odra\u0161\u010danjem, in <strong>za\u017eivimo polno <\/strong>in<strong> pristno<\/strong> &#8211; to\u010dno tako, kot si \u017eelimo.<\/p>\n<p>Pri tem vas bodo vodili <strong>du\u0161ni pobo\u017eki<\/strong> in <strong>vaje<\/strong>, ki vam bodo pomagali, da prepoznate, vzljubite in za\u017eivite najpristnej\u0161o razli\u010dico sebe.<\/p>\n<p>V besedilu se spretno prepletajo <strong>osebne izku\u0161nje<\/strong> in <strong>strokovni nasveti<\/strong>, branje pa je tako reko\u010d nujno za vsakogar, ki \u010duti, da se nenehno iz\u010drpava in pravzaprav ne \u017eivi &#8220;svojega&#8221; \u017eivljenja.<\/p>\n<p>[\/et_pb_text][et_pb_button button_url=&#8221;https:\/\/emka.si\/products\/od-pridnosti-k-pristnosti&#8221; button_text=&#8221;PODARJAM (SI) KNJIGO!&#8221; button_alignment=&#8221;center&#8221; _builder_version=&#8221;4.27.4&#8243; _module_preset=&#8221;default&#8221; custom_margin=&#8221;6px||0px||false|false&#8221; custom_padding=&#8221;6px||6px||false|false&#8221; global_colors_info=&#8221;{}&#8221;][\/et_pb_button][et_pb_image src=&#8221;https:\/\/sasakrajnc.yourwebdev.com.au\/wp-content\/uploads\/2025\/05\/untitled-5-x-2-cm-5-x-2-cm-4-x-1.5-cm.png&#8221; alt=&#8221;untitled (5 x 2 cm) (5 x 2 cm) (4 x 1.5 cm)&#8221; title_text=&#8221;untitled (5 x 2 cm) (5 x 2 cm) (4 x 1.5 cm)&#8221; align=&#8221;center&#8221; _builder_version=&#8221;4.27.4&#8243; _module_preset=&#8221;default&#8221; width=&#8221;54%&#8221; custom_margin=&#8221;0px||-16px||false|false&#8221; custom_padding=&#8221;18px||8px||false|false&#8221; hover_enabled=&#8221;0&#8243; global_colors_info=&#8221;{}&#8221; background_last_edited=&#8221;on|desktop&#8221; sticky_enabled=&#8221;0&#8243;][\/et_pb_image][\/et_pb_column][et_pb_column type=&#8221;1_5&#8243; _builder_version=&#8221;4.27.0&#8243; _module_preset=&#8221;default&#8221; custom_css_main_element=&#8221;margin-top: auto;&#8221; global_colors_info=&#8221;{}&#8221;][\/et_pb_column][\/et_pb_row][\/et_pb_section][et_pb_section fb_built=&#8221;1&#8243; _builder_version=&#8221;4.27.4&#8243; _module_preset=&#8221;default&#8221; background_image=&#8221;https:\/\/sasakrajnc.yourwebdev.com.au\/wp-content\/uploads\/2024\/07\/testimonial-backgroun.jpg&#8221; custom_margin=&#8221;2px||-14px||false|false&#8221; custom_padding=&#8221;4%||5%||false|false&#8221; global_colors_info=&#8221;{}&#8221;][et_pb_row column_structure=&#8221;1_3,1_3,1_3&#8243; _builder_version=&#8221;4.27.0&#8243; _module_preset=&#8221;default&#8221; max_width=&#8221;1400px&#8221; global_colors_info=&#8221;{}&#8221;][et_pb_column type=&#8221;1_3&#8243; _builder_version=&#8221;4.24.2&#8243; _module_preset=&#8221;default&#8221; global_colors_info=&#8221;{}&#8221;][et_pb_blurb title=&#8221;Sa\u0161ina knjiga me je navdihnila, ganila in mi nudila \u0161tevilne uvide, saj sem se med branjem vpra\u0161ala: kdo sem, ko ne \u017eivim ve\u010d za druge?&#8221; image=&#8221;https:\/\/sasakrajnc.yourwebdev.com.au\/wp-content\/uploads\/2025\/05\/10-2.png&#8221; alt=&#8221;10&#8243; image_icon_width=&#8221;86%&#8221; icon_alignment=&#8221;left&#8221; icon_alignment_tablet=&#8221;center&#8221; icon_alignment_phone=&#8221;center&#8221; icon_alignment_last_edited=&#8221;on|phone&#8221; _builder_version=&#8221;4.27.4&#8243; _module_preset=&#8221;default&#8221; header_level=&#8221;h3&#8243; header_font_size=&#8221;26px&#8221; header_line_height=&#8221;1.3em&#8221; body_line_height=&#8221;1.6em&#8221; header_text_align_tablet=&#8221;center&#8221; header_text_align_phone=&#8221;center&#8221; header_text_align_last_edited=&#8221;on|phone&#8221; header_font_size_tablet=&#8221;26px&#8221; header_font_size_phone=&#8221;24px&#8221; header_font_size_last_edited=&#8221;on|phone&#8221; body_text_align_tablet=&#8221;center&#8221; body_text_align_phone=&#8221;center&#8221; body_text_align_last_edited=&#8221;on|phone&#8221; global_colors_info=&#8221;{}&#8221;]<\/p>\n<p>Zelo se me je dotaknil del, kjer pi\u0161e o mo\u010dno zacementiranem tabuju cankarjanskega materinstva, ki zaznamuje na\u0161e do\u017eivljanje sveta, odnosov in \u017eivljenja, obenem pa nas s svojo zgodbo opogumi, da opustimo pridnost, garanje, pretirano ustre\u017eljivost; da re\u010demo NE drugim in DA sebi ter naredimo pogumne korake v pristnost &#8211; kajti tam se skriva svoboda.<\/p>\n<p><strong>Danaja Loren\u010di\u010d<\/strong>, <em>sociologinja, novinarka in avtorica knjig<\/em><\/p>\n<p>[\/et_pb_blurb][\/et_pb_column][et_pb_column type=&#8221;1_3&#8243; _builder_version=&#8221;4.24.2&#8243; _module_preset=&#8221;default&#8221; global_colors_info=&#8221;{}&#8221;][et_pb_blurb title=&#8221;Od pridnosti k pristnosti je knjiga, ki ponuja dragocen vpogled v proces osebne rasti in nujnih sprememb na poti k resni\u010dni avtenti\u010dnosti.&#8221; image=&#8221;https:\/\/sasakrajnc.yourwebdev.com.au\/wp-content\/uploads\/2025\/05\/11-2.png&#8221; alt=&#8221;11&#8243; image_icon_width=&#8221;86%&#8221; icon_alignment=&#8221;left&#8221; icon_alignment_tablet=&#8221;center&#8221; icon_alignment_phone=&#8221;center&#8221; icon_alignment_last_edited=&#8221;on|phone&#8221; _builder_version=&#8221;4.27.4&#8243; _module_preset=&#8221;default&#8221; header_level=&#8221;h3&#8243; header_font_size=&#8221;26px&#8221; header_line_height=&#8221;1.3em&#8221; body_line_height=&#8221;1.6em&#8221; header_font_size_tablet=&#8221;26px&#8221; header_font_size_phone=&#8221;24px&#8221; header_font_size_last_edited=&#8221;on|phone&#8221; text_orientation_tablet=&#8221;center&#8221; text_orientation_phone=&#8221;center&#8221; text_orientation_last_edited=&#8221;on|tablet&#8221; global_colors_info=&#8221;{}&#8221;]<\/p>\n<p>Sa\u0161a iskreno in neposredno, skozi osebne izku\u0161nje in strokovne uvide, razkriva, kako nas lahko vzorci, ponotranjeni v otro\u0161tvu ter negativne izku\u0161nje v odraslosti omejujejo pri izra\u017eanju lastne pristnosti.<\/p>\n<p>Knjigo priporo\u010dam vsem, ki si \u017eelijo bolje spoznati sebe in prese\u010di omejitve, ki jim prepre\u010dujejo, da bi za\u017eiveli \u017eivljenje, ugla\u0161eno s svojim resni\u010dnim jazom.<\/p>\n<p><strong>Peter Topi\u0107, <\/strong><em>psihoterapevt in avtor knjige\u00a0<\/em><strong><\/strong><strong><\/strong><\/p>\n<p>[\/et_pb_blurb][\/et_pb_column][et_pb_column type=&#8221;1_3&#8243; _builder_version=&#8221;4.24.2&#8243; _module_preset=&#8221;default&#8221; global_colors_info=&#8221;{}&#8221;][et_pb_blurb title=&#8221;Knjiga Od pridnosti k pristnosti je iskren, topel in obenem pretresljiv vodnik, &#8221; image=&#8221;https:\/\/sasakrajnc.yourwebdev.com.au\/wp-content\/uploads\/2025\/05\/12-2.png&#8221; alt=&#8221;12&#8243; image_icon_width=&#8221;85%&#8221; icon_alignment=&#8221;left&#8221; icon_alignment_tablet=&#8221;center&#8221; icon_alignment_phone=&#8221;center&#8221; icon_alignment_last_edited=&#8221;on|phone&#8221; _builder_version=&#8221;4.27.4&#8243; _module_preset=&#8221;default&#8221; header_level=&#8221;h3&#8243; header_font_size=&#8221;26px&#8221; header_line_height=&#8221;1.3em&#8221; body_line_height=&#8221;1.6em&#8221; header_font_size_tablet=&#8221;26px&#8221; header_font_size_phone=&#8221;24px&#8221; header_font_size_last_edited=&#8221;on|phone&#8221; text_orientation_tablet=&#8221;center&#8221; text_orientation_phone=&#8221;center&#8221; text_orientation_last_edited=&#8221;on|tablet&#8221; global_colors_info=&#8221;{}&#8221;]<\/p>\n<p>napisan za vse, ki smo bili vzgojeni v duhu pridnosti in pri tem izgubili stik s sabo &#8211; s svojimi mejami, resni\u010dnimi potrebami in \u017eeljami. Sa\u0161a pogumno deli svojo izku\u0161njo opu\u0161\u010danja nau\u010denih vzorcev ugajanja in podrejanja ter ponuja orodja, ki bralkam in bralcem pomagajo graditi bolj pristno, svobodno in notranje stabilno \u017eivljenje. Ne ponuja hitrih re\u0161itev, ampak nas povabi k po\u010dasnemu, poglobljenemu vra\u010danju k sebi. Ne\u017eno nas spomni, naj nas ne vodi le razum, temve\u010d nekaj tihega in modrega &#8211; notranji glas, ki ve, kdo v resnici smo.\u00a0<\/p>\n<p><strong>Mateja Ho\u010devar, <\/strong><em>novinarka, moderatorka in avtorica knjig<\/em><\/p>\n<p>[\/et_pb_blurb][\/et_pb_column][\/et_pb_row][\/et_pb_section][et_pb_section fb_built=&#8221;1&#8243; _builder_version=&#8221;4.27.4&#8243; _module_preset=&#8221;default&#8221; background_color=&#8221;gcid-b42072b1-eccf-4848-8c94-058b48881d23&#8243; custom_margin=&#8221;0px||||false|false&#8221; custom_padding=&#8221;3%||3%||false|false&#8221; global_colors_info=&#8221;{%22gcid-b42072b1-eccf-4848-8c94-058b48881d23%22:%91%22background_color%22%93}&#8221;][et_pb_row column_structure=&#8221;2_5,3_5&#8243; use_custom_gutter=&#8221;on&#8221; gutter_width=&#8221;4&#8243; make_equal=&#8221;on&#8221; _builder_version=&#8221;4.27.0&#8243; _module_preset=&#8221;default&#8221; max_width=&#8221;1200px&#8221; global_colors_info=&#8221;{}&#8221;][et_pb_column type=&#8221;2_5&#8243; _builder_version=&#8221;4.24.2&#8243; _module_preset=&#8221;default&#8221; global_colors_info=&#8221;{}&#8221;][et_pb_image src=&#8221;https:\/\/sasakrajnc.yourwebdev.com.au\/wp-content\/uploads\/2025\/02\/img_3310.jpg&#8221; alt=&#8221;img 3310&#8243; title_text=&#8221;img 3310&#8243; _builder_version=&#8221;4.27.4&#8243; _module_preset=&#8221;default&#8221; global_colors_info=&#8221;{}&#8221;][\/et_pb_image][\/et_pb_column][et_pb_column type=&#8221;3_5&#8243; _builder_version=&#8221;4.24.2&#8243; _module_preset=&#8221;default&#8221; custom_css_main_element=&#8221;margin: auto;&#8221; global_colors_info=&#8221;{}&#8221;][et_pb_text _builder_version=&#8221;4.27.4&#8243; _module_preset=&#8221;default&#8221; text_line_height=&#8221;1.6em&#8221; header_2_text_color=&#8221;#000000&#8243; header_2_font_size=&#8221;44px&#8221; header_2_line_height=&#8221;1.2em&#8221; header_3_font=&#8221;Open Sans|||on|||||&#8221; header_3_text_color=&#8221;gcid-f7718a8f-237c-443f-bcd5-48c90490e87a&#8221; header_3_font_size=&#8221;20px&#8221; header_3_letter_spacing=&#8221;2px&#8221; header_3_line_height=&#8221;1.3em&#8221; custom_margin=&#8221;||22px|||&#8221; header_2_font_size_tablet=&#8221;44px&#8221; header_2_font_size_phone=&#8221;30px&#8221; header_2_font_size_last_edited=&#8221;on|phone&#8221; header_3_font_size_tablet=&#8221;20px&#8221; header_3_font_size_phone=&#8221;18px&#8221; header_3_font_size_last_edited=&#8221;on|phone&#8221; locked=&#8221;off&#8221; global_colors_info=&#8221;{%22gcid-f7718a8f-237c-443f-bcd5-48c90490e87a%22:%91%22header_3_text_color%22%93}&#8221;]<\/p>\n<h2>Ste danes \u017ee poskrbeli zase?<\/h2>\n<p>Podarjam vam Dragoceno, angel\u010dico, ki vas bo vsak dan ne\u017eno spomnila, da namenite nekaj posve\u010denega \u010dasa sebi in ljube\u010de poskrbite za svoje potrebe. Tako se boste nau\u010dili ravnati s sabo kot z najdragocenej\u0161im zakladom. Ker to tudi ste.\u00a0<\/p>\n<p>[\/et_pb_text][et_pb_button button_url=&#8221;@ET-DC@eyJkeW5hbWljIjp0cnVlLCJjb250ZW50IjoicG9zdF9saW5rX3VybF9wYWdlIiwic2V0dGluZ3MiOnsicG9zdF9pZCI6Ijc3OCJ9fQ==@&#8221; button_text=&#8221;SRCE ODPIRAM LJUBEZNI!&#8221; _builder_version=&#8221;4.27.0&#8243; _dynamic_attributes=&#8221;button_url&#8221; _module_preset=&#8221;default&#8221; global_colors_info=&#8221;{}&#8221;][\/et_pb_button][\/et_pb_column][\/et_pb_row][\/et_pb_section]<\/p>\n","protected":false},"excerpt":{"rendered":"<p>Od pridnosti k pristnosti je edinstvena knjiga, ki na izjemno oseben na\u010din razkriva, kako ustvarimo svojo vizijo, se osvobodimo omejujo\u010dih prepri\u010danj in vzorcev, ki smo jih pridobili med odra\u0161\u010danjem, in za\u017eivimo polno in pristno &#8211; to\u010dno tako, kot si \u017eelimo. Pri tem vas bodo vodili du\u0161ni pobo\u017eki in vaje, ki vam bodo pomagali, da prepoznate, [&hellip;]<\/p>\n","protected":false},"author":1,"featured_media":0,"parent":0,"menu_order":0,"comment_status":"closed","ping_status":"closed","template":"","meta":{"_seopress_robots_primary_cat":"","_seopress_titles_title":"","_seopress_titles_desc":"","_seopress_robots_index":"","_seopress_analysis_target_kw":"","_et_pb_use_builder":"on","_et_pb_old_content":"","_et_gb_content_width":"","footnotes":""},"class_list":["post-1062","page","type-page","status-publish","hentry"],"_links":{"self":[{"href":"https:\/\/sasakrajnc.yourwebdev.com.au\/sl\/wp-json\/wp\/v2\/pages\/1062","targetHints":{"allow":["GET"]}}],"collection":[{"href":"https:\/\/sasakrajnc.yourwebdev.com.au\/sl\/wp-json\/wp\/v2\/pages"}],"about":[{"href":"https:\/\/sasakrajnc.yourwebdev.com.au\/sl\/wp-json\/wp\/v2\/types\/page"}],"author":[{"embeddable":true,"href":"https:\/\/sasakrajnc.yourwebdev.com.au\/sl\/wp-json\/wp\/v2\/users\/1"}],"replies":[{"embeddable":true,"href":"https:\/\/sasakrajnc.yourwebdev.com.au\/sl\/wp-json\/wp\/v2\/comments?post=1062"}],"version-history":[{"count":54,"href":"https:\/\/sasakrajnc.yourwebdev.com.au\/sl\/wp-json\/wp\/v2\/pages\/1062\/revisions"}],"predecessor-version":[{"id":2453,"href":"https:\/\/sasakrajnc.yourwebdev.com.au\/sl\/wp-json\/wp\/v2\/pages\/1062\/revisions\/2453"}],"wp:attachment":[{"href":"https:\/\/sasakrajnc.yourwebdev.com.au\/sl\/wp-json\/wp\/v2\/media?parent=1062"}],"curies":[{"name":"wp","href":"https:\/\/api.w.org\/{rel}","templated":true}]}}