{"id":1065,"date":"2024-08-20T07:08:26","date_gmt":"2024-08-20T07:08:26","guid":{"rendered":"https:\/\/sasakrajnc.yourwebdev.com.au\/podcast-prihaja-kmalu\/"},"modified":"2025-10-08T10:17:17","modified_gmt":"2025-10-08T10:17:17","slug":"podcast-prihaja-kmalu","status":"publish","type":"page","link":"https:\/\/sasakrajnc.yourwebdev.com.au\/sl\/podcast-prihaja-kmalu\/","title":{"rendered":"Podcast prihaja kmalu."},"content":{"rendered":"<p>[et_pb_section fb_built=&#8221;1&#8243; custom_padding_last_edited=&#8221;on|tablet&#8221; _builder_version=&#8221;4.27.4&#8243; _module_preset=&#8221;default&#8221; background_enable_color=&#8221;off&#8221; background_image=&#8221;https:\/\/sasakrajnc.yourwebdev.com.au\/wp-content\/uploads\/2025\/10\/podcast.png&#8221; background_position=&#8221;bottom_center&#8221; custom_margin=&#8221;0px||0px||false|false&#8221; custom_padding=&#8221;31.9%||10%||false|false&#8221; custom_padding_tablet=&#8221;20%||43%||false|false&#8221; custom_padding_phone=&#8221;3%||51%||false|false&#8221; hover_enabled=&#8221;0&#8243; background_last_edited=&#8221;on|tablet&#8221; background_image_tablet=&#8221;https:\/\/sasakrajnc.yourwebdev.com.au\/wp-content\/uploads\/2025\/10\/podcast-tablet.png&#8221; background_enable_image_tablet=&#8221;on&#8221; background_position_tablet=&#8221;center&#8221; locked=&#8221;off&#8221; global_colors_info=&#8221;{%22gcid-733e7000-1f7e-4aa1-90b3-ddc5a44140a4%22:%91%22background_color%22%93}&#8221; alt=&#8221;podcast tablet&#8221; title_text=&#8221;podcast tablet&#8221; sticky_enabled=&#8221;0&#8243;][\/et_pb_section][et_pb_section fb_built=&#8221;1&#8243; _builder_version=&#8221;4.27.4&#8243; _module_preset=&#8221;default&#8221; background_enable_image=&#8221;off&#8221; background_size=&#8221;custom&#8221; background_image_width=&#8221;33%&#8221; background_position=&#8221;bottom_right&#8221; custom_padding=&#8221;3%||0px||false|false&#8221; global_colors_info=&#8221;{}&#8221;][et_pb_row column_structure=&#8221;1_2,1_2&#8243; make_equal=&#8221;on&#8221; _builder_version=&#8221;4.27.0&#8243; _module_preset=&#8221;default&#8221; width_tablet=&#8221;80%&#8221; width_phone=&#8221;80%&#8221; width_last_edited=&#8221;on|tablet&#8221; max_width=&#8221;1200px&#8221; custom_padding=&#8221;0px||0px||false|false&#8221; global_colors_info=&#8221;{}&#8221;][et_pb_column type=&#8221;1_2&#8243; _builder_version=&#8221;4.27.0&#8243; _module_preset=&#8221;default&#8221; custom_padding=&#8221;5%||7%||false|false&#8221; custom_padding_tablet=&#8221;7%||0%||false|false&#8221; custom_padding_phone=&#8221;7%||||false|false&#8221; custom_padding_last_edited=&#8221;on|phone&#8221; global_colors_info=&#8221;{}&#8221;][et_pb_text _builder_version=&#8221;4.27.0&#8243; _module_preset=&#8221;default&#8221; text_line_height=&#8221;1.6em&#8221; header_2_text_color=&#8221;gcid-f7718a8f-237c-443f-bcd5-48c90490e87a&#8221; header_2_font_size=&#8221;44px&#8221; header_2_line_height=&#8221;1.2em&#8221; header_3_font=&#8221;Open Sans|||on|||||&#8221; header_3_text_color=&#8221;gcid-f7718a8f-237c-443f-bcd5-48c90490e87a&#8221; header_3_font_size=&#8221;20px&#8221; header_3_letter_spacing=&#8221;2px&#8221; header_3_line_height=&#8221;1.3em&#8221; header_4_text_align=&#8221;left&#8221; header_4_font_size=&#8221;24px&#8221; header_4_line_height=&#8221;1.4em&#8221; custom_margin=&#8221;||22px|||&#8221; header_2_font_size_tablet=&#8221;44px&#8221; header_2_font_size_phone=&#8221;28px&#8221; header_2_font_size_last_edited=&#8221;on|phone&#8221; header_3_font_size_tablet=&#8221;20px&#8221; header_3_font_size_phone=&#8221;18px&#8221; header_3_font_size_last_edited=&#8221;on|phone&#8221; header_4_font_size_tablet=&#8221;24px&#8221; header_4_font_size_phone=&#8221;20px&#8221; header_4_font_size_last_edited=&#8221;on|phone&#8221; text_orientation_tablet=&#8221;&#8221; text_orientation_phone=&#8221;left&#8221; text_orientation_last_edited=&#8221;on|phone&#8221; locked=&#8221;off&#8221; global_colors_info=&#8221;{%22gcid-f7718a8f-237c-443f-bcd5-48c90490e87a%22:%91%22header_3_text_color%22,%22header_2_text_color%22,%22header_3_text_color%22,%22header_2_text_color%22%93}&#8221;]<\/p>\n<h2>Podcast Pristno \u017eivljenje<br \/><strong><\/strong><\/h2>\n<h4>ustvarja ljube\u010de zavetje za vse, ki \u017eelite v naglici vsakdanjika nekoliko upo\u010dasniti in zavestno ustvarjati prostor za negovanje ljubezni do sebe.<\/h4>\n<p>V na\u0161e ljube\u010de zavetje se lahko umaknete pred hrupom zunanjega sveta, da bi odlo\u017eili svoje vloge, se umirili in obnovili svoje mo\u010di.<\/p>\n<p>Z navdihujo\u010dimi gosti se bomo pogovarjali o najrazli\u010dnej\u0161ih temah, rde\u010da nit pogovorov pa bo, kako bolje razumeti sebe, se brezpogojno (vz)ljubiti in (za)\u017eiveti najpristnej\u0161o razli\u010dico sebe.<\/p>\n<p>Podcast prihaja kmalu. Pridru\u017eite se na\u0161i skupnosti in izvedeli boste, kdaj bodo na voljo prve epizode!<\/p>\n<p>[\/et_pb_text][\/et_pb_column][et_pb_column type=&#8221;1_2&#8243; _builder_version=&#8221;4.27.0&#8243; _module_preset=&#8221;default&#8221; custom_css_main_element=&#8221;margin-top: auto;&#8221; global_colors_info=&#8221;{}&#8221;][et_pb_image src=&#8221;https:\/\/sasakrajnc.yourwebdev.com.au\/wp-content\/uploads\/2025\/03\/z-dr.-saso-krajnc-2.png&#8221; alt=&#8221;z dr. sa\u0160o krajnc 2&#8243; title_text=&#8221;z dr. sa\u0160o krajnc 2&#8243; _builder_version=&#8221;4.27.4&#8243; _module_preset=&#8221;default&#8221; custom_margin_tablet=&#8221;-10%||||false|false&#8221; custom_margin_phone=&#8221;-10%||||false|false&#8221; custom_margin_last_edited=&#8221;on|phone&#8221; global_colors_info=&#8221;{}&#8221;][\/et_pb_image][\/et_pb_column][\/et_pb_row][\/et_pb_section][et_pb_section fb_built=&#8221;1&#8243; _builder_version=&#8221;4.27.4&#8243; _module_preset=&#8221;default&#8221; background_color=&#8221;gcid-f7718a8f-237c-443f-bcd5-48c90490e87a&#8221; background_image=&#8221;https:\/\/sasakrajnc.yourwebdev.com.au\/wp-content\/uploads\/2024\/03\/sasa-krajnc-join-the-waitlist.jpg&#8221; z_index=&#8221;347&#8243; custom_margin=&#8221;0px||||false|false&#8221; custom_padding=&#8221;2%||3%||false|false&#8221; background_last_edited=&#8221;on|phone&#8221; background_position_phone=&#8221;center_right&#8221; locked=&#8221;off&#8221; global_colors_info=&#8221;{%22gcid-f7718a8f-237c-443f-bcd5-48c90490e87a%22:%91%22background_color%22%93}&#8221;][et_pb_row column_structure=&#8221;1_2,1_2&#8243; _builder_version=&#8221;4.24.2&#8243; _module_preset=&#8221;default&#8221; max_width=&#8221;900px&#8221; global_colors_info=&#8221;{}&#8221;][et_pb_column type=&#8221;1_2&#8243; _builder_version=&#8221;4.24.2&#8243; _module_preset=&#8221;default&#8221; global_colors_info=&#8221;{}&#8221;][et_pb_text _builder_version=&#8221;4.27.0&#8243; _module_preset=&#8221;default&#8221; text_line_height=&#8221;1.6em&#8221; header_2_text_color=&#8221;#FFFFFF&#8221; header_2_font_size=&#8221;44px&#8221; header_2_line_height=&#8221;1.2em&#8221; header_3_font=&#8221;Open Sans|||on|||||&#8221; header_3_text_color=&#8221;gcid-f7718a8f-237c-443f-bcd5-48c90490e87a&#8221; header_3_font_size=&#8221;20px&#8221; header_3_letter_spacing=&#8221;2px&#8221; header_3_line_height=&#8221;1.3em&#8221; text_orientation=&#8221;center&#8221; background_layout=&#8221;dark&#8221; custom_margin=&#8221;||22px|||&#8221; header_2_font_size_tablet=&#8221;44px&#8221; header_2_font_size_phone=&#8221;34px&#8221; header_2_font_size_last_edited=&#8221;on|phone&#8221; header_3_font_size_tablet=&#8221;20px&#8221; header_3_font_size_phone=&#8221;18px&#8221; header_3_font_size_last_edited=&#8221;on|phone&#8221; locked=&#8221;off&#8221; global_colors_info=&#8221;{%22gcid-f7718a8f-237c-443f-bcd5-48c90490e87a%22:%91%22header_3_text_color%22%93}&#8221;]<\/p>\n<h2>Pridru\u017eite se!<\/h2>\n<p>Obvestili vas bomo, ko bodo na voljo prve epizode.<\/p>\n<p>[\/et_pb_text][et_pb_image src=&#8221;https:\/\/sasakrajnc.yourwebdev.com.au\/wp-content\/uploads\/2024\/03\/rose-bird.png&#8221; alt=&#8221;ptica vrtnica&#8221; title_text=&#8221;ptica vrtnica&#8221; align=&#8221;center&#8221; _builder_version=&#8221;4.24.2&#8243; _module_preset=&#8221;default&#8221; width=&#8221;19%&#8221; width_tablet=&#8221;19%&#8221; width_phone=&#8221;26%&#8221; width_last_edited=&#8221;on|phone&#8221; global_colors_info=&#8221;{}&#8221;][\/et_pb_image][\/et_pb_column][et_pb_column type=&#8221;1_2&#8243; _builder_version=&#8221;4.24.2&#8243; _module_preset=&#8221;default&#8221; global_colors_info=&#8221;{}&#8221;][et_pb_signup provider=&#8221;mailerlite&#8221; mailerlite_list=&#8221;Sa\u0161a Krajnc|133429382889866761&#8243; name_field=&#8221;on&#8221; button_text=&#8221;Pridru\u017eite se!&#8221; _builder_version=&#8221;4.27.4&#8243; _module_preset=&#8221;default&#8221; use_background_color=&#8221;off&#8221; custom_button=&#8221;on&#8221; button_text_color=&#8221;#FFFFFF&#8221; button_bg_color=&#8221;#000000&#8243; border_radii_fields=&#8221;on|0px|0px|0px|0px&#8221; global_colors_info=&#8221;{%22gcid-f40fa9ce-87ff-46dc-82f0-976b4dd8427f%22:%91%22button_bg_color__hover%22%93}&#8221; button_bg_color__hover_enabled=&#8221;on|hover&#8221; button_bg_color__hover=&#8221;#d4b9be&#8221; button_bg_enable_color__hover=&#8221;on&#8221; button_text_color__hover_enabled=&#8221;on|hover&#8221; button_text_color__hover=&#8221;#000000&#8243;][\/et_pb_signup][\/et_pb_column][\/et_pb_row][\/et_pb_section][et_pb_section fb_built=&#8221;1&#8243; _builder_version=&#8221;4.27.4&#8243; _module_preset=&#8221;default&#8221; background_image=&#8221;https:\/\/sasakrajnc.yourwebdev.com.au\/wp-content\/uploads\/2025\/02\/body-20.png&#8221; background_position=&#8221;center_right&#8221; custom_padding=&#8221;10%||10%||true|false&#8221; hover_enabled=&#8221;0&#8243; background_last_edited=&#8221;on|phone&#8221; background_image_tablet=&#8221;https:\/\/sasakrajnc.yourwebdev.com.au\/wp-content\/uploads\/2025\/10\/podcast3.png&#8221; background_enable_image_tablet=&#8221;on&#8221; background_position_tablet=&#8221;center&#8221; background_position_phone=&#8221;center&#8221; global_colors_info=&#8221;{}&#8221; sticky_enabled=&#8221;0&#8243; alt=&#8221;podcast3&#8243; title_text=&#8221;podcast3&#8243;][et_pb_row column_structure=&#8221;1_2,1_2&#8243; _builder_version=&#8221;4.27.0&#8243; _module_preset=&#8221;default&#8221; max_width=&#8221;1200px&#8221; global_colors_info=&#8221;{}&#8221;][et_pb_column type=&#8221;1_2&#8243; _builder_version=&#8221;4.27.0&#8243; _module_preset=&#8221;default&#8221; global_colors_info=&#8221;{}&#8221;][et_pb_text _builder_version=&#8221;4.27.0&#8243; _module_preset=&#8221;default&#8221; text_line_height=&#8221;1.6em&#8221; header_2_text_color=&#8221;#000000&#8243; header_2_font_size=&#8221;45px&#8221; header_2_line_height=&#8221;1.2em&#8221; header_3_font=&#8221;Open Sans|||on|||||&#8221; header_3_text_color=&#8221;gcid-f7718a8f-237c-443f-bcd5-48c90490e87a&#8221; header_3_font_size=&#8221;20px&#8221; header_3_letter_spacing=&#8221;2px&#8221; header_3_line_height=&#8221;1.3em&#8221; custom_margin=&#8221;||22px|||&#8221; header_2_font_size_tablet=&#8221;44px&#8221; header_2_font_size_phone=&#8221;28px&#8221; header_2_font_size_last_edited=&#8221;on|phone&#8221; header_3_font_size_tablet=&#8221;20px&#8221; header_3_font_size_phone=&#8221;18px&#8221; header_3_font_size_last_edited=&#8221;on|phone&#8221; locked=&#8221;off&#8221; global_colors_info=&#8221;{%22gcid-f7718a8f-237c-443f-bcd5-48c90490e87a%22:%91%22header_3_text_color%22%93}&#8221;]<\/p>\n<h2>\u017delite sodelovati v podcastu?<br \/><strong><\/strong><\/h2>\n<p>\u010ce ste strokovnjak na omenjenem podro\u010dju in imate navdihujo\u010do \u017eivljenjsko zgodbo, nam pi\u0161ite. Nadvse radi bi sli\u0161ali va\u0161o zgodbo!<\/p>\n<p>[\/et_pb_text][et_pb_button button_url=&#8221;mailto:info@sasakrajnc.si&#8221; button_text=&#8221;sodelujte v podcastu&#8221; _builder_version=&#8221;4.27.4&#8243; _module_preset=&#8221;default&#8221; locked=&#8221;off&#8221; global_colors_info=&#8221;{}&#8221;][\/et_pb_button][\/et_pb_column][et_pb_column type=&#8221;1_2&#8243; _builder_version=&#8221;4.27.0&#8243; _module_preset=&#8221;default&#8221; global_colors_info=&#8221;{}&#8221;][et_pb_code _builder_version=&#8221;4.27.0&#8243; _module_preset=&#8221;default&#8221; height_tablet=&#8221;400px&#8221; height_phone=&#8221;330px&#8221; height_last_edited=&#8221;on|phone&#8221; global_colors_info=&#8221;{}&#8221;][\/et_pb_code][\/et_pb_column][\/et_pb_row][\/et_pb_section]<\/p>\n","protected":false},"excerpt":{"rendered":"<p>Podcast Pristno \u017eivljenje ustvarja ljube\u010de zavetje za vse, ki \u017eelite v naglici vsakdanjika nekoliko upo\u010dasniti in zavestno ustvarjati prostor za negovanje ljubezni do sebe. V na\u0161e ljube\u010de zavetje se lahko umaknete pred hrupom zunanjega sveta, da bi odlo\u017eili svoje vloge, se umirili in obnovili svoje mo\u010di. Z navdihujo\u010dimi gosti se bomo pogovarjali o najrazli\u010dnej\u0161ih temah, [&hellip;]<\/p>\n","protected":false},"author":3,"featured_media":0,"parent":0,"menu_order":0,"comment_status":"closed","ping_status":"closed","template":"","meta":{"_seopress_robots_primary_cat":"","_seopress_titles_title":"","_seopress_titles_desc":"","_seopress_robots_index":"","_seopress_analysis_target_kw":"","_et_pb_use_builder":"on","_et_pb_old_content":"","_et_gb_content_width":"","footnotes":""},"class_list":["post-1065","page","type-page","status-publish","hentry"],"_links":{"self":[{"href":"https:\/\/sasakrajnc.yourwebdev.com.au\/sl\/wp-json\/wp\/v2\/pages\/1065","targetHints":{"allow":["GET"]}}],"collection":[{"href":"https:\/\/sasakrajnc.yourwebdev.com.au\/sl\/wp-json\/wp\/v2\/pages"}],"about":[{"href":"https:\/\/sasakrajnc.yourwebdev.com.au\/sl\/wp-json\/wp\/v2\/types\/page"}],"author":[{"embeddable":true,"href":"https:\/\/sasakrajnc.yourwebdev.com.au\/sl\/wp-json\/wp\/v2\/users\/3"}],"replies":[{"embeddable":true,"href":"https:\/\/sasakrajnc.yourwebdev.com.au\/sl\/wp-json\/wp\/v2\/comments?post=1065"}],"version-history":[{"count":27,"href":"https:\/\/sasakrajnc.yourwebdev.com.au\/sl\/wp-json\/wp\/v2\/pages\/1065\/revisions"}],"predecessor-version":[{"id":2564,"href":"https:\/\/sasakrajnc.yourwebdev.com.au\/sl\/wp-json\/wp\/v2\/pages\/1065\/revisions\/2564"}],"wp:attachment":[{"href":"https:\/\/sasakrajnc.yourwebdev.com.au\/sl\/wp-json\/wp\/v2\/media?parent=1065"}],"curies":[{"name":"wp","href":"https:\/\/api.w.org\/{rel}","templated":true}]}}