{"id":1077,"date":"2024-09-05T10:20:38","date_gmt":"2024-09-05T10:20:38","guid":{"rendered":"https:\/\/sasakrajnc.yourwebdev.com.au\/vzacne-stahovanie\/"},"modified":"2025-09-22T11:23:04","modified_gmt":"2025-09-22T11:23:04","slug":"vzacne-stahovanie","status":"publish","type":"page","link":"https:\/\/sasakrajnc.yourwebdev.com.au\/sl\/vzacne-stahovanie\/","title":{"rendered":"vz\u00e1cne s\u0165ahovanie"},"content":{"rendered":"<p>[et_pb_section fb_built=&#8221;1&#8243; _builder_version=&#8221;4.27.0&#8243; _module_preset=&#8221;default&#8221; background_image=&#8221;https:\/\/sasakrajnc.yourwebdev.com.au\/wp-content\/uploads\/2024\/03\/sasa-krajnc-join-the-waitlist.jpg&#8221; custom_padding=&#8221;5%||5%||false|false&#8221; global_colors_info=&#8221;{}&#8221;][et_pb_row column_structure=&#8221;2_5,3_5&#8243; make_equal=&#8221;on&#8221; _builder_version=&#8221;4.27.0&#8243; _module_preset=&#8221;default&#8221; max_width=&#8221;1200px&#8221; global_colors_info=&#8221;{}&#8221;][et_pb_column type=&#8221;2_5&#8243; _builder_version=&#8221;4.27.0&#8243; _module_preset=&#8221;default&#8221; global_colors_info=&#8221;{}&#8221;][et_pb_image src=&#8221;https:\/\/sasakrajnc.yourwebdev.com.au\/wp-content\/uploads\/2025\/02\/img_3310.jpg&#8221; alt=&#8221;img 3310&#8243; title_text=&#8221;img 3310&#8243; force_fullwidth=&#8221;on&#8221; _builder_version=&#8221;4.27.4&#8243; _module_preset=&#8221;default&#8221; global_colors_info=&#8221;{}&#8221;][\/et_pb_image][\/et_pb_column][et_pb_column type=&#8221;3_5&#8243; _builder_version=&#8221;4.27.0&#8243; _module_preset=&#8221;default&#8221; custom_css_main_element=&#8221;margin: auto;&#8221; global_colors_info=&#8221;{}&#8221;][et_pb_text _builder_version=&#8221;4.27.4&#8243; _module_preset=&#8221;default&#8221; text_text_color=&#8221;#FFFFFF&#8221; text_line_height=&#8221;1.6em&#8221; header_2_text_color=&#8221;#FFFFFF&#8221; header_2_font_size=&#8221;40px&#8221; header_2_line_height=&#8221;1.3em&#8221; header_2_font_size_tablet=&#8221;40px&#8221; header_2_font_size_phone=&#8221;30px&#8221; header_2_font_size_last_edited=&#8221;on|phone&#8221; global_colors_info=&#8221;{}&#8221;]<\/p>\n<h2>Ste danes \u017ee ljube\u010de poskrbeli zase?<\/h2>\n<p>Podarjam vam Dragoceno, angel\u010dico, ki vas bo vsak dan ne\u017eno spomnila, da namenite nekaj posve\u010denega \u010dasa sebi in ljube\u010de poskrbite za svoje potrebe Tako se boste nau\u010dili ravnati s sabo kot z najdragocenej\u0161im zakladom. Ker to tudi ste.\u00a0<\/p>\n<p>[\/et_pb_text][et_pb_signup provider=&#8221;mailerlite&#8221; mailerlite_list=&#8221;Sa\u0161a Krajnc|133429311633884500&#8243; name_field=&#8221;on&#8221; button_text=&#8221;HVALE\u017dNO SPREJMEM!&#8221; _builder_version=&#8221;4.27.4&#8243; _module_preset=&#8221;default&#8221; use_background_color=&#8221;off&#8221; custom_button=&#8221;on&#8221; button_text_color=&#8221;gcid-f7718a8f-237c-443f-bcd5-48c90490e87a&#8221; button_bg_color=&#8221;#FFFFFF&#8221; hover_enabled=&#8221;0&#8243; border_radii_fields=&#8221;on|0px|0px|0px|0px&#8221; global_colors_info=&#8221;{%22gcid-f7718a8f-237c-443f-bcd5-48c90490e87a%22:%91%22button_text_color%22%93,%22gcid-aa8225af-5fe4-418f-a9f2-fdd5271de708%22:%91%22button_bg_color__hover%22%93}&#8221; button_bg_color__hover_enabled=&#8221;on|hover&#8221; button_bg_color__hover=&#8221;#efdcda&#8221; button_bg_enable_color__hover=&#8221;on&#8221; sticky_enabled=&#8221;0&#8243;][\/et_pb_signup][\/et_pb_column][\/et_pb_row][\/et_pb_section]<\/p>\n","protected":false},"excerpt":{"rendered":"<p>Ste danes \u017ee ljube\u010de poskrbeli zase? Podarjam vam Dragoceno, angel\u010dico, ki vas bo vsak dan ne\u017eno spomnila, da namenite nekaj posve\u010denega \u010dasa sebi in ljube\u010de poskrbite za svoje potrebe Tako se boste nau\u010dili ravnati s sabo kot z najdragocenej\u0161im zakladom. Ker to tudi ste.\u00a0<\/p>\n","protected":false},"author":3,"featured_media":0,"parent":0,"menu_order":0,"comment_status":"closed","ping_status":"closed","template":"","meta":{"_seopress_robots_primary_cat":"","_seopress_titles_title":"","_seopress_titles_desc":"","_seopress_robots_index":"","_seopress_analysis_target_kw":"","_et_pb_use_builder":"on","_et_pb_old_content":"","_et_gb_content_width":"","footnotes":""},"class_list":["post-1077","page","type-page","status-publish","hentry"],"_links":{"self":[{"href":"https:\/\/sasakrajnc.yourwebdev.com.au\/sl\/wp-json\/wp\/v2\/pages\/1077","targetHints":{"allow":["GET"]}}],"collection":[{"href":"https:\/\/sasakrajnc.yourwebdev.com.au\/sl\/wp-json\/wp\/v2\/pages"}],"about":[{"href":"https:\/\/sasakrajnc.yourwebdev.com.au\/sl\/wp-json\/wp\/v2\/types\/page"}],"author":[{"embeddable":true,"href":"https:\/\/sasakrajnc.yourwebdev.com.au\/sl\/wp-json\/wp\/v2\/users\/3"}],"replies":[{"embeddable":true,"href":"https:\/\/sasakrajnc.yourwebdev.com.au\/sl\/wp-json\/wp\/v2\/comments?post=1077"}],"version-history":[{"count":5,"href":"https:\/\/sasakrajnc.yourwebdev.com.au\/sl\/wp-json\/wp\/v2\/pages\/1077\/revisions"}],"predecessor-version":[{"id":2393,"href":"https:\/\/sasakrajnc.yourwebdev.com.au\/sl\/wp-json\/wp\/v2\/pages\/1077\/revisions\/2393"}],"wp:attachment":[{"href":"https:\/\/sasakrajnc.yourwebdev.com.au\/sl\/wp-json\/wp\/v2\/media?parent=1077"}],"curies":[{"name":"wp","href":"https:\/\/api.w.org\/{rel}","templated":true}]}}