{"id":1080,"date":"2024-09-07T06:25:24","date_gmt":"2024-09-07T06:25:24","guid":{"rendered":"https:\/\/sasakrajnc.yourwebdev.com.au\/stahovanie-posvatneho-priestoru\/"},"modified":"2025-09-19T23:41:34","modified_gmt":"2025-09-19T23:41:34","slug":"kaj-je-varni-prostor","status":"publish","type":"page","link":"https:\/\/sasakrajnc.yourwebdev.com.au\/sl\/kaj-je-varni-prostor\/","title":{"rendered":"Kaj je varni prostor"},"content":{"rendered":"<p>[et_pb_section fb_built=&#8221;1&#8243; _builder_version=&#8221;4.27.0&#8243; _module_preset=&#8221;default&#8221; background_image=&#8221;https:\/\/sasakrajnc.yourwebdev.com.au\/wp-content\/uploads\/2024\/03\/sasa-krajnc-join-the-waitlist.jpg&#8221; custom_padding=&#8221;5%||5%||false|false&#8221; global_colors_info=&#8221;{}&#8221;][et_pb_row column_structure=&#8221;1_3,2_3&#8243; make_equal=&#8221;on&#8221; _builder_version=&#8221;4.27.0&#8243; _module_preset=&#8221;default&#8221; max_width=&#8221;1200px&#8221; global_colors_info=&#8221;{}&#8221;][et_pb_column type=&#8221;1_3&#8243; _builder_version=&#8221;4.27.0&#8243; _module_preset=&#8221;default&#8221; global_colors_info=&#8221;{}&#8221;][et_pb_image src=&#8221;https:\/\/sasakrajnc.yourwebdev.com.au\/wp-content\/uploads\/2025\/09\/unnamed-5.jpg&#8221; alt=&#8221;unnamed (5)&#8221; title_text=&#8221;unnamed (5)&#8221; force_fullwidth=&#8221;on&#8221; _builder_version=&#8221;4.27.4&#8243; _module_preset=&#8221;default&#8221; hover_enabled=&#8221;0&#8243; global_colors_info=&#8221;{}&#8221; sticky_enabled=&#8221;0&#8243;][\/et_pb_image][\/et_pb_column][et_pb_column type=&#8221;2_3&#8243; _builder_version=&#8221;4.27.0&#8243; _module_preset=&#8221;default&#8221; custom_css_main_element=&#8221;margin: auto;&#8221; global_colors_info=&#8221;{}&#8221;][et_pb_text _builder_version=&#8221;4.27.0&#8243; _module_preset=&#8221;default&#8221; text_text_color=&#8221;#FFFFFF&#8221; text_line_height=&#8221;1.6em&#8221; header_2_text_color=&#8221;#FFFFFF&#8221; header_2_font_size=&#8221;40px&#8221; header_2_line_height=&#8221;1.3em&#8221; header_2_font_size_tablet=&#8221;40px&#8221; header_2_font_size_phone=&#8221;30px&#8221; header_2_font_size_last_edited=&#8221;on|phone&#8221; global_colors_info=&#8221;{}&#8221;]<\/p>\n<h2>Kaj je varen prostor in kako ga ustvariti?<\/h2>\n<p> Varen prostor je prostor, ki si ga v svojem domu ustvarimo, da bi za\u010dasno odlo\u017eili svoje vloge in se obrnili vase. Se \u017eelite nau\u010diti, kako ustvariti svoj varen prostor in ga uporabljati za negovanje ljube\u010dega odnosa s sabo? Podarjam vam vodnik.[\/et_pb_text][et_pb_signup provider=&#8221;mailerlite&#8221; mailerlite_list=&#8221;Sa\u0161a Krajnc|133429326902200107&#8243; name_field=&#8221;on&#8221; button_text=&#8221;HVALE\u017dNO SPREJMEM!&#8221; _builder_version=&#8221;4.27.4&#8243; _module_preset=&#8221;default&#8221; use_background_color=&#8221;off&#8221; custom_button=&#8221;on&#8221; button_text_color=&#8221;gcid-f7718a8f-237c-443f-bcd5-48c90490e87a&#8221; button_bg_color=&#8221;#FFFFFF&#8221; border_radii_fields=&#8221;on|0px|0px|0px|0px&#8221; global_colors_info=&#8221;{%22gcid-f7718a8f-237c-443f-bcd5-48c90490e87a%22:%91%22button_text_color%22%93,%22gcid-aa8225af-5fe4-418f-a9f2-fdd5271de708%22:%91%22button_bg_color__hover%22%93}&#8221; button_bg_color__hover_enabled=&#8221;on|hover&#8221; button_bg_color__hover=&#8221;#efdcda&#8221; button_bg_enable_color__hover=&#8221;on&#8221;][\/et_pb_signup][\/et_pb_column][\/et_pb_row][\/et_pb_section]<\/p>\n","protected":false},"excerpt":{"rendered":"<p>Kaj je varen prostor in kako ga ustvariti? Varen prostor je prostor, ki si ga v svojem domu ustvarimo, da bi za\u010dasno odlo\u017eili svoje vloge in se obrnili vase. Se \u017eelite nau\u010diti, kako ustvariti svoj varen prostor in ga uporabljati za negovanje ljube\u010dega odnosa s sabo? Podarjam vam vodnik.<\/p>\n","protected":false},"author":3,"featured_media":0,"parent":0,"menu_order":0,"comment_status":"closed","ping_status":"closed","template":"","meta":{"_seopress_robots_primary_cat":"","_seopress_titles_title":"","_seopress_titles_desc":"","_seopress_robots_index":"","_seopress_analysis_target_kw":"","_et_pb_use_builder":"on","_et_pb_old_content":"","_et_gb_content_width":"","footnotes":""},"class_list":["post-1080","page","type-page","status-publish","hentry"],"_links":{"self":[{"href":"https:\/\/sasakrajnc.yourwebdev.com.au\/sl\/wp-json\/wp\/v2\/pages\/1080","targetHints":{"allow":["GET"]}}],"collection":[{"href":"https:\/\/sasakrajnc.yourwebdev.com.au\/sl\/wp-json\/wp\/v2\/pages"}],"about":[{"href":"https:\/\/sasakrajnc.yourwebdev.com.au\/sl\/wp-json\/wp\/v2\/types\/page"}],"author":[{"embeddable":true,"href":"https:\/\/sasakrajnc.yourwebdev.com.au\/sl\/wp-json\/wp\/v2\/users\/3"}],"replies":[{"embeddable":true,"href":"https:\/\/sasakrajnc.yourwebdev.com.au\/sl\/wp-json\/wp\/v2\/comments?post=1080"}],"version-history":[{"count":7,"href":"https:\/\/sasakrajnc.yourwebdev.com.au\/sl\/wp-json\/wp\/v2\/pages\/1080\/revisions"}],"predecessor-version":[{"id":2386,"href":"https:\/\/sasakrajnc.yourwebdev.com.au\/sl\/wp-json\/wp\/v2\/pages\/1080\/revisions\/2386"}],"wp:attachment":[{"href":"https:\/\/sasakrajnc.yourwebdev.com.au\/sl\/wp-json\/wp\/v2\/media?parent=1080"}],"curies":[{"name":"wp","href":"https:\/\/api.w.org\/{rel}","templated":true}]}}