{"id":1083,"date":"2023-06-30T05:45:51","date_gmt":"2023-06-30T05:45:51","guid":{"rendered":"https:\/\/sasakrajnc.yourwebdev.com.au\/politika-zasebnosti\/"},"modified":"2025-08-26T12:49:53","modified_gmt":"2025-08-26T12:49:53","slug":"politika-zasebnosti","status":"publish","type":"page","link":"https:\/\/sasakrajnc.yourwebdev.com.au\/sl\/politika-zasebnosti\/","title":{"rendered":"POLITIKA ZASEBNOSTI"},"content":{"rendered":"\n<p><strong>Namen te politike je seznaniti obiskovalce spletne strani o varovanju njihove zasebnosti v podjetju Sa\u0161a Krajnc s.p..<\/strong><\/p>\n\n\n\n<p>Prepri\u010dani smo, da \u017eelite kot uporabnik spletnih strani podjetja Sa\u0161a Krajnc s.p., vedeti, kako va\u0161o zasebnost varujemo:<\/p>\n\n\n\n<ul class=\"wp-block-list\">\n<li>z zagotavljanjem anonimnega obiskovanja na\u0161e spletne strani. Po spletni strani podjetja Sa\u0161a Krajnc s.p., se lahko premikate anonimno. Za izbolj\u0161anje svoje prisotnosti na spletu obdelujemo samo statisti\u010dne podatke in ne podatkov, ki bi jih lahko povezali z vami, \u010de nam za to niste dali privolitve;<\/li>\n\n\n\n<li>v primeru zbiranja, obdelovanja ali uporabe va\u0161ih osebnih podatkov na spletni strani, to objavimo na spletni strani. Brez va\u0161ega izrecnega soglasja ne bomo samodejno zbirali, obdelovali ali uporabljali osebnih podatkov, povezanih z va\u0161im obiskom spletne strani, razen podatkov, ki jih navajamo v tej politiki;<\/li>\n\n\n\n<li>z varnostnimi ukrepi, ki ustrezajo najnovej\u0161emu stanju tehnike. Odlo\u010ditev o tem, katere informacije o obisku nam \u017eelite zaupati, v celoti prepu\u0161\u010damo vam.<\/li>\n<\/ul>\n\n\n\n<p><strong>UPRAVLJAVEC PODATKOV<\/strong><\/p>\n\n\n\n<p>Upravljavec va\u0161ih osebnih podatkov, ki ste nam jih posredovali je podjetje Sa\u0161a Krajnc s.p., Ukmarjeva ulica 4, 1000 Ljubljana, ki z osebnimi podatki ravna skladno s svojimi zakonskimi obveznostmi. Podjetje Sa\u0161a Krajnc s.p., lahko obdeluje osebne podatke, ki jih pridobi od vas, predvsem kadar:<\/p>\n\n\n\n<ul class=\"wp-block-list\">\n<li>uporabljate na\u0161o spletno stran,<\/li>\n\n\n\n<li>uporabljate na\u0161e storitve, \u0161e zlasti, ko stopite v stik z nami,<\/li>\n\n\n\n<li>nakupujete v na\u0161i spletni trgovini. Sa\u0161a Krajnc s.p., d.o.o. od obiskovalcev svojih spletnih strani ne zahteva podatkov, ki bi bili pogoj za nakup ali obiskovanje njenih spletnih strani.<\/li>\n<\/ul>\n\n\n\n<p><strong>OBDELAVA OSEBNIH PODATKOV, KI JIH OBDELUJEMO, KO STOPITE V STIK Z NAMI<\/strong><\/p>\n\n\n\n<p>Upravljavec va\u0161ih osebnih podatkov je: Sa\u0161a Krajnc s.p., Ukmarjeva ulica 4, 1000 Ljubljana.<\/p>\n\n\n\n<p>Poobla\u0161\u010dena oseba za varstvo osebnih podatkov pri Sa\u0161a Krajnc s.p. je: Sa\u0161a Krajnc, <a href=\"mailto:info@sasakrajnc.si\" target=\"_blank\" rel=\"noreferrer noopener\">info@sasakrajnc.si.<\/a><\/p>\n\n\n\n<p>Namen ali ve\u010d namenov za katere se osebni podatki obdelujejo: <\/p>\n\n\n\n<p>Va\u0161e osebne podatke obdelujemo zgolj zato, da lahko komuniciramo z vami in vam posredujemo odgovore na va\u0161a vpra\u0161anja in \u017eelje.<\/p>\n\n\n\n<p>Osebne podatke obdelujemo na podlagi va\u0161e privolitve, saj ste nas poklicali ali nam poslali elektronsko sporo\u010dilo.<\/p>\n\n\n\n<p>Osebni podatki, ki jih obdelujemo so: va\u0161i kontaktni podatki ter va\u0161e posredovano sporo\u010dilo.<\/p>\n\n\n\n<p>Va\u0161ih osebnih podatkov ne bomo posredovali nikomur. V stik z njimi bodo pri\u0161li zgolj pogodbeni obdelovalci osebnih podatkov podjetja Sa\u0161a Krajnc s.p., v konkretnem primeru zgolj ponudnik programa elektronske po\u0161te.<\/p>\n\n\n\n<p>Va\u0161e osebne podatke bomo obdelovali zgolj toliko \u010dasa, kolikor je potrebno za dosego namena, zaradi katerega so bili zbrani ali nadalje porabljeni. Po tem \u010dasu jih bo podjetje Sa\u0161a Krajnc s.p. trajno izbrisalo.<\/p>\n\n\n\n<p>Posameznik ima v zvezi z obdelavo njegovih osebnih podatkov naslednje pravice:<\/p>\n\n\n\n<ul class=\"wp-block-list\">\n<li>pravica do vpogleda in popravka,<\/li>\n\n\n\n<li>pravica do blokiranja,<\/li>\n\n\n\n<li>pravica do izbrisa ali omejitev obdelave va\u0161ih osebnih podatkov,<\/li>\n\n\n\n<li>pravica do podaje ugovora zoper obdelavo va\u0161ih osebnih podatkov. Vse va\u0161e pravice boste najla\u017eje uveljavili tako, da nam posredujete svojo zahtevo na: Sa\u0161a Krajnc s.p. ali na <a href=\"mailto:info@sasakrajnc.si\" target=\"_blank\" rel=\"noreferrer noopener\">info@sasakrajnc.si<\/a>. Na va\u0161o zahtevo bomo odgovorili kar najhitreje, vsekakor pa ne kasneje, kot je dovoljeno.<\/li>\n<\/ul>\n\n\n\n<p>V primeru \u010de menite, da na\u0161a obdelava osebnih podatkov kr\u0161i Splo\u0161no uredbo o varstvu osebnih podatkov ali nacionalno zakonodajo s podro\u010dja varstva osebnih podatkov lahko svojo prito\u017ebo posredujete nadzornemu organu s podro\u010dja varstva osebnih podatkov, ki je v Sloveniji Informacijski poobla\u0161\u010denec. Kontakt Informacijskega poobla\u0161\u010denca: Informacijski poobla\u0161\u010denec, Dunajska 22, 1000 Ljubljana, Telefon: 01 230 97 30, E-po\u0161ta: <a target=\"_blank\" rel=\"noreferrer noopener\" href=\"mailto:gp.ip@ip-rs.si\">gp.ip@ip-rs.si<\/a>.<\/p>\n\n\n\n<p><strong>OBDELAVA OSEBNIH PODATKOV, KI JIH OBDELUJEMO, KO NAKUPUJETE V NA\u0160I SPLETNI TRGOVINI<\/strong><\/p>\n\n\n\n<p>Upravljavec va\u0161ih osebnih podatkov je: Sa\u0161a Krajnc s.p., Ukmarjeva ulica 4, 1000 Ljubljana.<\/p>\n\n\n\n<p>Poobla\u0161\u010dena oseba za varstvo osebnih podatkov pri Sa\u0161a Krajnc s.p. je: Sa\u0161a Krajnc, <a href=\"mailto:info@sasakrajnc.si\" target=\"_blank\" rel=\"noreferrer noopener\">info@sasakrajnc.si.<\/a><\/p>\n\n\n\n<p>Namen ali ve\u010d namenov za katere se osebni podatki obdelujejo: Va\u0161e osebne podatke obdelujemo zgolj zato, da vam izdelke, ki ste jih v spletni trgovini kupili, dostavimo na \u017eeljeni naslov.<\/p>\n\n\n\n<p>Osebne podatke obdelujemo na podlagi va\u0161e izrecne privolitve.<\/p>\n\n\n\n<p>Osebni podatki, ki jih obdelujemo so: ime in priimek, naslov kjer posameznik \u017eivi, naslov za dostavo, telefonska \u0161tevilka.<\/p>\n\n\n\n<p>Va\u0161ih osebnih podatkov ne bomo posredovali nikomur. V stik z njimi bodo pri\u0161li zgolj pogodbeni obdelovalci osebnih podatkov podjetja Sa\u0161a Krajnc s.p., v konkretnem primeru zgolj ponudnik storitev spletnega gostovanja, skrbniki spletne strani, lastnik spletne trgovine na \u010digar platformi Sa\u0161a Krajnc s.p. upravlja svojo spletno trgovino ter dostavljavec po\u0161iljk.<\/p>\n\n\n\n<p>Va\u0161e osebne podatke bomo obdelovali zgolj toliko \u010dasa, kolikor je potrebno za dosego namena, zaradi katerega so bili zbrani ali nadalje porabljeni. Po tem \u010dasu jih bo podjetje Sa\u0161a Krajnc s.p. skladno s zakonodajo, ki ureja varstvo osebnih podatkov, trajno izbrisalo.<\/p>\n\n\n\n<p>Posameznik ima v zvezi z obdelavo njegovih osebnih podatkov naslednje pravice:<\/p>\n\n\n\n<ul class=\"wp-block-list\">\n<li>pravica do vpogleda in popravka,<\/li>\n\n\n\n<li>pravica do blokiranja,<\/li>\n\n\n\n<li>pravica do izbrisa ali omejitev obdelave va\u0161ih osebnih podatkov,<\/li>\n\n\n\n<li>pravica do podaje ugovora zoper obdelavo va\u0161ih osebnih podatkov.<\/li>\n<\/ul>\n\n\n\n<p>Vse va\u0161e pravice boste najla\u017eje uveljavili tako, da nam posredujete svojo zahtevo na: Sa\u0161a Krajnc s.p. ali na <a href=\"mailto:info@sasakrajnc.si\" target=\"_blank\" rel=\"noreferrer noopener\">info@sasakrajnc.si.<\/a> Na va\u0161o zahtevo bomo odgovorili kar najhitreje, vsekakor pa ne kasneje, kot je dovoljeno. V primeru \u010de menite, da na\u0161a obdelava osebnih podatkov kr\u0161i Splo\u0161no uredbo o varstvu osebnih podatkov ali nacionalno zakonodajo s podro\u010dja varstva osebnih podatkov lahko svojo prito\u017ebo posredujete nadzornemu organu s podro\u010dja varstva osebnih podatkov, ki je v Sloveniji Informacijski poobla\u0161\u010denec. Kontakt Informacijskega poobla\u0161\u010denca: Informacijski poobla\u0161\u010denec, Dunajska 22, 1000 Ljubljana, Telefon: 01 230 97 30, E-po\u0161ta: <a href=\"mailto:gp.ip@ip-rs.si\" target=\"_blank\" rel=\"noreferrer noopener\">gp.ip@ip-rs.si.<\/a> O storitvi in pravilih uporabe spletne storitve se lahko podrobneje seznanite tudi v Splo\u0161nih pogojih uporabe spletne trgovine Sa\u0161a Krajnc s.p..<\/p>\n\n\n\n<p><strong>ZAKONITOST OBDELAVE VA\u0160IH OSEBNIH PODATKOV<\/strong><\/p>\n\n\n\n<p>Osebne podatke in namene obdelave osebnih podatkov, ki jih sme podjetje Sa\u0161a Krajnc s.p., obdelovati, vedno pridobi zgolj od posameznikov na katere se osebni podatki nana\u0161ajo na podlagi vnaprej danega soglasja.<\/p>\n\n\n\n<p><strong>KATERE SO KATEGORIJE POSAMEZNIKOV KATERIH OSEBNI PODATKI SE OBDELUJEJO<\/strong><\/p>\n\n\n\n<p>Sa\u0161a Krajnc s.p. obdeluje osebne podatke posameznikov, ki stopijo v kontakt s podjetjem Sa\u0161a Krajnc s.p..<\/p>\n\n\n\n<p><strong>KDO OBDELUJE VA\u0160E OSEBNE PODATKE<\/strong><\/p>\n\n\n\n<p>Va\u0161e osebne podatke obdelujemo:<\/p>\n\n\n\n<ul class=\"wp-block-list\">\n<li>zaposleni v podjetju Sa\u0161a Krajnc s.p., na tistih delovnih mestih, na katerih je zaradi narave njihovih nalog potrebna obdelava osebnih podatkov posameznikov,<\/li>\n\n\n\n<li>pristojni dr\u017eavni organi in nosilci javnih pooblastil v okviru izvajanja zakonskih pristojnosti,<\/li>\n\n\n\n<li>pogodbeni obdelovalci podjetja Sa\u0161a Krajnc s.p., ki izpolnjujejo zahteve podjetja Sa\u0161a Krajnc s.p. v zvezi z obdelavo osebnih podatkov posameznikov in s katerimi ima podjetje Sa\u0161a Krajnc s.p. podpisane ustrezne pogodbe o obdelavi osebnih podatkov posameznikov ter zagotavljajo enak standard varstva osebnih podatkov, kot \u010de bi obdelavo izvajalo podjetje Sa\u0161a Krajnc s.p.,<\/li>\n\n\n\n<li>druge osebe, kadar imajo zakonsko podlago za pridobitev in obdelavo osebnih podatkov.<\/li>\n<\/ul>\n\n\n\n<p><strong>ALI PODJETJE Sa\u0161a Krajnc s.p. RAZKRIVA VA\u0160E OSEBNE PODATKE?<\/strong> Sa\u0161a Krajnc s.p., zagotavlja, da bo prejete osebne podatke posameznikov \u0161\u010ditila pred nepoobla\u0161\u010denim razkritjem in posredovanjem nepoobla\u0161\u010denim tretjim osebam, in sicer v skladu z veljavnimi predpisi, ki urejajo varstvo osebnih podatkov. Na zahtevo organov pregona, v primeru kakr\u0161nihkoli zlorab ali kr\u0161itev, se lahko osebni podatki uporabnikov posredujejo policiji in drugim pristojnim organom za nadaljnje ukrepanje.<\/p>\n\n\n\n<p><strong>KAKO PODJETJE Sa\u0161a Krajnc s.p. VARUJE VA\u0160E OSEBNE PODATKE?<\/strong> Osebni podatki so v podjetju Sa\u0161a Krajnc s.p. skrbno varovani. Tako prostore, kjer se nahajajo osebni podatki, kot tudi strojno in programsko opremo, na kateri se nahajajo osebni podatki varujemo z organizacijskimi in\/ali tehni\u010dnimi ukrepi, ki nepoobla\u0161\u010denim osebam onemogo\u010dajo dostop do osebnih podatkov. Dostop do omre\u017eja za obdelavo podatkov podjetja Sa\u0161a Krajnc s.p. je za\u0161\u010diteno pred zunanjim svetom s sistemom po\u017earnega zidu. Aplikacije, ki jih uporabljamo v podjetju Sa\u0161a Krajnc s.p. so za\u0161\u010ditene z osebam lastnim uporabni\u0161kim imenom in geslom. Pooblastila so urejena na na\u010din, da so dana zgolj zaposlenim, ki posamezno pooblastilo potrebuje zaradi opravljanja svojih del in nalog.<\/p>\n\n\n\n<p><strong>VESELI BOMO, \u010cE BOSTE TUDI VI POMAGALI PRI VARSTVU VA\u0160IH OSEBNIH PODATKOV<\/strong><br>Va\u0161e odgovorno ravnanje z osebnimi podatki nam vsem zagotavlja manj tveganja na podro\u010dju zasebnosti. Zato v primerih, ko ste izvedli nakup v na\u0161i spletni trgovini pazite:<\/p>\n\n\n\n<ul class=\"wp-block-list\">\n<li>da skrbite za varnost va\u0161ega predala elektronske po\u0161te,<\/li>\n\n\n\n<li>skrbite za ustrezno za\u0161\u010dito va\u0161ega ra\u010dunalnika in drugih naprav pred virusi in zlonamerno programsko opremo z ustreznimi programskimi za\u0161\u010ditami ra\u010dunalnika in drugih naprav.<\/li>\n<\/ul>\n\n\n\n<p><strong>PREJEMANJE ELEKTRONSKIH OBVESTIL<\/strong><br>Preko elektronskega obrazca na spletni strani podjetja Sa\u0161a Krajnc s.p., se lahko naro\u010dite na prejemanje elektronskih obvestil v katerih vam bomo posredovali informacije, priporo\u010dila in povabila. V primeru, da na va\u0161 elektronski naslov ne \u017eelite ve\u010d prejemati elektronskih novic podjetja Sa\u0161a Krajnc s.p. se lahko od nadaljnjega prejema odjavite na enostaven na\u010din:<\/p>\n\n\n\n<ul class=\"wp-block-list\">\n<li>s klikom na odjava, ki se nahaja v vsakem elektronskem sporo\u010dilu, ki smo vam ga posredovali,<\/li>\n\n\n\n<li>z obvestilom na na\u0161 elektronski ali fizi\u010dni naslov: <a href=\"mailto:info@sasakrajnc.si\" target=\"_blank\" rel=\"noreferrer noopener\">info@sasakrajnc.si<\/a>, ali Sa\u0161a Krajnc s.p., Ukmarjeva ulica 4, 1000 Ljubljana.<\/li>\n<\/ul>\n\n\n\n<p><strong>DRU\u017dBENA OMRE\u017dJA<\/strong><br>Sodelovanje in objave na dru\u017ebenih omre\u017ejih so prostovoljne. Vljudno vas prosimo, da pri sodelovanju uporabljate prijazen in spo\u0161tljiv na\u010din komuniciranja z drugimi uporabniki dru\u017ebenih omre\u017eij.<\/p>\n\n\n\n<p><strong>VARSTVO OSEBNIH PODATKOV OTROK<\/strong><br>Spletna mesta podjetja Sa\u0161a Krajnc s.p. so namenjene \u0161ir\u0161i javnosti. Dejavnost in storitve podjetja Sa\u0161a Krajnc s.p. pa so namenjene le starej\u0161im od 15 let. V primeru, ko bi podjetje Sa\u0161a Krajnc s.p. izvedla aktivnosti pri katerih bi lahko sodelovali otroci mlaj\u0161i od 15 let bo vedno pred posredovanjem osebnih podatkov zahtevana pridobitev star\u0161ev ali skrbnikov.<\/p>\n\n\n\n<p><strong>KAKO DOLGO HRANIMO VA\u0160E OSEBNE PODATKE?<\/strong> Va\u0161e osebne podatke hranimo tako dolgo, kolikor je potrebno za uresni\u010ditev namena njihove obdelave oz. do preklica privolitve za obdelavo osebnih podatkov za posamezni ali za vse namene obdelav. Zgoraj, pri posameznih namenih obdelave je rok hrambe va\u0161ih osebnih podatkov naveden za vsako obdelavo osebnih podatkov posebej. Po preteku roka hrambe se va\u0161i osebni podatki izbri\u0161ejo ali anonimizirajo, dokumentacija pa se uni\u010di tako, da ni ve\u010d mo\u017eno ugotoviti njene vsebine oziroma je ni ve\u010d mo\u017eno ponovno uporabljati.<\/p>\n\n\n\n<p><strong>ZAGOTAVLJANJE TO\u010cNIH, POPOLNIH IN A\u017dURNIH PODATKOV<\/strong><br>Podjetje Sa\u0161a Krajnc s.p., si prizadeva zagotavljati popolnost, ustreznost, to\u010dnost in a\u017eurnost osebnih podatkov posameznikov. Popolni, to\u010dni, ustrezni in a\u017eurni podatki se lahko uporabljajo samo za namene, ki so predvideni zgoraj pri vsaki posamezni obdelavi. Prosimo tudi vas, da nam v kolikor se va\u0161i osebni podatki spremenijo o tem obvestite. To lahko storite na na\u010din, da v kolikor ste se registrirali na na\u0161i spletni strani to storite sami, v kolikor ste se naro\u010dili na prejemanje na\u0161ih elektronskih obvestil to storite s klikom v sporo\u010dilu oziroma nam spremembe posredujete z obvestilom na na\u0161 elektronski ali fizi\u010dni naslov: <a href=\"mailto:info@sasakrajnc.si\" target=\"_blank\" rel=\"noreferrer noopener\">info@sasakrajnc.si <\/a>ali Sa\u0161a Krajnc s.p., Ukmarjeva ulica 4, 1000 Ljubljana.<\/p>\n\n\n\n<p><strong>PRAVICE POSAMEZNIKOV, NA KATERE SE NANA\u0160AJO OSEBNI PODATKI<\/strong><br>Va\u0161e pravice v zvezi z osebnimi podatki:<\/p>\n\n\n\n<ul class=\"wp-block-list\">\n<li>pravica do dostopa.<\/li>\n\n\n\n<li>pravica do dopolnitve, popravka, blokiranja, izbrisa in omejitve obdelave.<\/li>\n\n\n\n<li>pravica do preklica dane osebne privolitve za obdelavo osebnih podatkov brez vpliva na zakonitost obdelave podatkov, ki se je na podlagi privolitve izvajala do njenega preklica.<\/li>\n<\/ul>\n\n\n\n<p>Zgornje pravice uveljavite tako, da s pisno zahtevo, poslano na naslov: <a href=\"mailto:info@sasakrajnc.si\" target=\"_blank\" rel=\"noreferrer noopener\">info@sasakrajnc.si<\/a> ali Sa\u0161a Krajnc s.p., Ukmarjeva ulica 4, 1000 Ljubljana, ali z zahtevo, podano preko spletnega obrazca, dostopnega na spletnih straneh podjetja Sa\u0161a Krajnc s.p., zahtevate dostop, dopolnitev, popravek, blokiranje ali izbris osebnih podatkov, ki se obdelujejo v zvezi z vami. Na isti na\u010din lahko kadarkoli trajno ali za\u010dasno, v celoti ali delno prekli\u010dete tudi podane privolitve za obdelavo osebnih podatkov, v kolikor ste jih podali. Preklic privolitve ne vpliva na zakonitost obdelave, ki se je na podlagi privolitve izvajala do njenega preklica.<\/p>\n\n\n\n<p><strong>Pravica do prito\u017ebe<\/strong><br>V podjetju Sa\u0161a Krajnc s.p., si bomo po najbolj\u0161ih mo\u010deh prizadevali, da bodo va\u0161i osebni podatki pri nas skrbno obdelovani in varovani z ustreznimi tehnolo\u0161kimi in organizacijskimi sredstvi za za\u0161\u010dito prenosa in shranjevanja osebnih in drugih zaupnih podatkov. Ne glede na navedeno vas \u017eelimo opozoriti, da imate pravico vlo\u017eiti prito\u017ebo pri Informacijskem poobla\u0161\u010dencu Republike Slovenije, \u010de menite, da se osebni podatki shranjujejo ali kako druga\u010de obdelujejo v nasprotju z veljavnimi predpisi, ki urejajo varstvo osebnih podatkov. Kontakt informacijskega poobla\u0161\u010denca: Republika Slovenija, Informacijski poobla\u0161\u010denec, Dunajska 22, 1000 Ljubljana, Telefon: 01 230 97 30, E-po\u0161ta: <a href=\"mailto:gp.ip@ip-rs.si\" target=\"_blank\" rel=\"noreferrer noopener\">gp.ip@ip-rs.si<\/a><\/p>\n\n\n\n<p><strong>SPREMEMBE POLITIKE ZASEBNOSTI<\/strong><br>Podjetje Sa\u0161a Krajnc s.p., si pridr\u017euje pravico ob\u010dasno posodobiti Politiko zasebnosti skladno s spremembami storitev, na podlagi povratnih informacij uporabnikov in zaradi sprememb predpisov. Ob spremembi se na koncu Politike zasebnosti navede tudi datum zadnje posodobitve. V primeru bistvenih sprememb ali spremembe na\u010dina, kako podjetje Sa\u0161a Krajnc s.p., uporablja osebne podatke, bo le-ta pred uvedbo sprememb uporabnike obvestila na spletni strani oz., kjer je dana privolitev za obve\u0161\u010danje preko elektronskega naslova, tudi na navedeni na\u010din. Podjetje Sa\u0161a Krajnc s.p., priporo\u010da, da uporabniki redno pregledujejo to politiko, in si tako zagotovijo informacije o tem, kako Sa\u0161a Krajnc s.p., varuje njihovo zasebnost.<\/p>\n\n\n\n<p><strong>DODATNE INFORMACIJE<\/strong><br>Za dodatne informacije v zvezi z obdelavami osebnih podatkov in predlogi za izbolj\u0161ave nas lahko kontaktirate na elektronski naslov <a href=\"mailto:info@sasakrajnc.si\" target=\"_blank\" rel=\"noreferrer noopener\">info@sasakrajnc.si<\/a>, ali Sa\u0161a Krajnc s.p., Ukmarjeva ulica 4, 1000 Ljubljana. Ta Politika zasebnosti se uporablja do preklica oz. do morebitne spremembe.<\/p>\n\n\n\n<p>Sa\u0161a Krajnc s.p<\/p>\n","protected":false},"excerpt":{"rendered":"<p>Namen te politike je seznaniti obiskovalce spletne strani o varovanju njihove zasebnosti v podjetju Sa\u0161a Krajnc s.p.. Prepri\u010dani smo, da \u017eelite kot uporabnik spletnih strani podjetja Sa\u0161a Krajnc s.p., vedeti, kako va\u0161o zasebnost varujemo: UPRAVLJAVEC PODATKOV Upravljavec va\u0161ih osebnih podatkov, ki ste nam jih posredovali je podjetje Sa\u0161a Krajnc s.p., Ukmarjeva ulica 4, 1000 Ljubljana, [&hellip;]<\/p>\n","protected":false},"author":1,"featured_media":0,"parent":0,"menu_order":0,"comment_status":"closed","ping_status":"closed","template":"","meta":{"_seopress_robots_primary_cat":"","_seopress_titles_title":"","_seopress_titles_desc":"","_seopress_robots_index":"","_seopress_analysis_target_kw":"","_et_pb_use_builder":"","_et_pb_old_content":"","_et_gb_content_width":"","footnotes":""},"class_list":["post-1083","page","type-page","status-publish","hentry"],"_links":{"self":[{"href":"https:\/\/sasakrajnc.yourwebdev.com.au\/sl\/wp-json\/wp\/v2\/pages\/1083","targetHints":{"allow":["GET"]}}],"collection":[{"href":"https:\/\/sasakrajnc.yourwebdev.com.au\/sl\/wp-json\/wp\/v2\/pages"}],"about":[{"href":"https:\/\/sasakrajnc.yourwebdev.com.au\/sl\/wp-json\/wp\/v2\/types\/page"}],"author":[{"embeddable":true,"href":"https:\/\/sasakrajnc.yourwebdev.com.au\/sl\/wp-json\/wp\/v2\/users\/1"}],"replies":[{"embeddable":true,"href":"https:\/\/sasakrajnc.yourwebdev.com.au\/sl\/wp-json\/wp\/v2\/comments?post=1083"}],"version-history":[{"count":3,"href":"https:\/\/sasakrajnc.yourwebdev.com.au\/sl\/wp-json\/wp\/v2\/pages\/1083\/revisions"}],"predecessor-version":[{"id":2247,"href":"https:\/\/sasakrajnc.yourwebdev.com.au\/sl\/wp-json\/wp\/v2\/pages\/1083\/revisions\/2247"}],"wp:attachment":[{"href":"https:\/\/sasakrajnc.yourwebdev.com.au\/sl\/wp-json\/wp\/v2\/media?parent=1083"}],"curies":[{"name":"wp","href":"https:\/\/api.w.org\/{rel}","templated":true}]}}