{"id":993,"date":"2024-09-09T01:41:50","date_gmt":"2024-09-09T01:41:50","guid":{"rendered":"https:\/\/sasakrajnc.yourwebdev.com.au\/pogoji-uporabe-storitev\/"},"modified":"2025-08-26T13:55:04","modified_gmt":"2025-08-26T13:55:04","slug":"pogoji-uporabe-storitev","status":"publish","type":"page","link":"https:\/\/sasakrajnc.yourwebdev.com.au\/sl\/pogoji-uporabe-storitev\/","title":{"rendered":"Pogoji uporabe storitev"},"content":{"rendered":"\n<h3 class=\"wp-block-heading\"><strong>SPLO\u0160NI POGOJI IN DOLO\u010cILA<\/strong><\/h3>\n\n\n\n<p><strong>SPLO\u0160NE DOLO\u010cBE<\/strong> <\/p>\n\n\n\n<p>Splo\u0161ni pogoji veljajo za vse uporabnike spletnega mesta <a href=\"http:\/\/www.sasakrajnc.si\/\" target=\"_blank\" rel=\"noreferrer noopener\">www.sasakrajnc.si.<\/a><\/p>\n\n\n\n<p>Spletna stran je v lasti Sa\u0161e Krajnc s.p., direktorice podjetja Prebujanje, In\u0161titut za kakovost \u017eivljenja, Ukmarjeva ul. 4, 1000 Ljubljana. <\/p>\n\n\n\n<p>Prosimo, da Splo\u0161ne pogoje poslovanja pozorno preberete, ker se nana\u0161ajo na va\u0161e zakonske pravice in dol\u017enosti. V kolikor se z njimi ne strinjate, ne dostopajte do na\u0161e spletne strani. Uporaba spletnega mesta, vklju\u010dno z odzivom na brezpla\u010dne ali pla\u010dljive ponudbe na kateri koli spletni strani spletnega tega mesta, pomeni sprejemanje teh splo\u0161nih pogojev. Z naro\u010danjem izdelkov in storitev prevzamete odgovornost za sprejetje pogojev poslovanja, kot so navedeni na tej spletni strani. V primeru komunikacije po e-po\u0161ti <a href=\"mailto:info@sasakrajnc.si\" target=\"_blank\" rel=\"noreferrer noopener\">info@sasakrajnc.si<\/a> se \u0161teje, da je naro\u010dnik prebral splo\u0161ne pogoje ter da se z njimi v celoti strinja.<\/p>\n\n\n\n<p>Splo\u0161ni pogoji spletne trgovine so sestavljeni v skladu z Zakonom o varstvu potro\u0161nikov (ZVPot), Zakon o elektronskem poslovanju na trgu (ZEPT)., Zakon o izvensodnem re\u0161evanju potro\u0161ni\u0161kih sporov, Zakon o varstvu pred nepo\u0161tenimi poslovnimi praksami in po Uredbi (EU) 2018\/302, Zakonom o varstvu osebnih podatkov (ZVOP-1), Splo\u0161no uredbo EU o varstvu podatkov (GDPR) ter Zakonom o elektronskih komunikacijah (ZEKom-1), upo\u0161tevajo pa tudi mednarodne kodekse e-poslovanja.<\/p>\n\n\n\n<p>Splo\u0161ni pogoji poslovanja obravnavajo delovanje spletne trgovine, pravice uporabnika ter poslovni odnos med ponudnikom in kupcem.<\/p>\n\n\n\n<p>Spletno mesto je v lasti in upravljanju podjetja in je sestavljeno iz ve\u010d spletnih strani. Vse pravice so pridr\u017eane, razen \u010de posamezne strani spletnega mesta ne dolo\u010dajo druga\u010de. <\/p>\n\n\n\n<p><strong>SPREMEMBE<\/strong><\/p>\n\n\n\n<p>Podjetje si pridr\u017euje pravico, da ob\u010dasno brez posebnega predhodnega opozorila spremeni splo\u0161ne pogoje. Dol\u017enost uporabnika te spletne strani je, da te spremembe preverite. V kolikor se s spremembami ne strinjate, vas prosimo, da spletne strani ne uporabljate.  <\/p>\n\n\n\n<p><strong>POGOJI ZA UPORABO SPLETNEGA MESTA<\/strong><\/p>\n\n\n\n<p>Pogoj za uporabo spletnega mesta je zaveza obiskovalca spletnega mesta in podstrani spletnega mesta, da ga ne bo uporabljal v namene, ki so v teh splo\u0161nih pogojih ali v veljavni zakonodaji navedeni kot protizakoniti ali prepovedani. Spletnega mesta ni dovoljeno uporabljati na na\u010dine, s katerimi bi se lahko spletno mesto kakor koli (p)o\u0161kodovalo. Prav tako ni dovoljeno pridobivanje ali poskus pridobivanja materialov, besedil, multimedijskih gradiv ali podatkov na kakr\u0161en koli na\u010din, ki ni izrecno pisno dovoljen s strani podjetja.<\/p>\n\n\n\n<p>Po\u0161iljanje promocijskih sporo\u010dil na elektronske naslove, objavljene na spletnem mestu, ni dovoljeno. Podjetje si pridr\u017euje pravico, da iz zbirke podatkov o elektronskih naslovih, ki jih vodi podjetje, brez predhodnega opozorila odstrani obiskovalce\/uporabnike, ki kr\u0161ijo splo\u0161ne pogoje. <\/p>\n\n\n\n<p>Spletno mesto je vzpostavljeno z namenom tr\u017eenja izdelkov in storitev v okviru podjetja. Vsebine spletnega mesta so informativne. Podjetje ne prevzema odgovornosti za to\u010dnost, celovitost in a\u017eurnost objavljenih podatkov, ali za kakr\u0161nokoli \u0161kodo, ki bi bila uporabniku spletnega mesta povzro\u010dena zaradi uporabe objavljenih informacij. Uporabniki objavljeno vsebino uporabljajo na lastno odgovornost. Podjetje si pridr\u017euje pravico do spreminjanja, dodajanja ali odstranitve vsebin spletnega mesta brez predhodnega opozorila in ne prevzema odgovornosti za kakr\u0161nekoli posledice tak\u0161nih sprememb.    <\/p>\n\n\n\n<p>Ne podjetje ne katera koli druga pravna ali fizi\u010dna oseba, ki je sodelovala pri nastanku in izdelavi spletnega mesta, ne odgovarja za kakr\u0161nokoli \u0161kodo, ki bi izhajala ali bila povezana z obstojem, dostopom in\/ali uporabo tega spletnega mesta in\/ali informacij, ki jih to spletno mesto vsebuje, pa tudi ne za \u0161kodo, ki bi nastala zaradi nemo\u017enosti uporabe informacij na tem spletnem mestu, in\/ali za kakr\u0161nekoli napake ali pomanjkljivosti v njihovi vsebini, ne glede na to, \u010de so bili obve\u0161\u010deni o mo\u017enosti take \u0161kode.<\/p>\n\n\n\n<p>V najve\u010djem obsegu, ki ga dovoljuje veljavna zakonodaja, so vse informacije, programska oprema, izdelki, storitve in povezana grafika na spletnem mestu na voljo \u201ctak\u0161ne, kot so\u201d, brez kakr\u0161nega koli jamstva, z izjemo jamstev, izrecno navedenih na spletnem mestu.<\/p>\n\n\n\n<p>V najve\u010djem obsegu, ki ga dovoljuje veljavna zakonodaja, podjetje ni odgovorno za neposredno, posredno in nenamerno \u0161kodo zaradi onemogo\u010dene uporabe podatkov s spletnega mesta.<\/p>\n\n\n\n<p>Vse informacije, izdelki in storitve na spletnem mestu so predmet avtorske ter drugih oblik za\u0161\u010dite intelektualne lastnine. Uporabniku spletne strani je prepovedano kopiranje ali na katerikoli drug na\u010din izkori\u0161\u010danje vsebin na tej spletni strani. <\/p>\n\n\n\n<p>Vsa umetni\u0161ka dela, sporo\u010dila na umetni\u0161kih delih in opisi umetni\u0161kih del so avtorsko za\u0161\u010diteni in so intelektualna last ustvarjalke. Uporaba, razmno\u017eevanje, kopiranje, distribucija, prirejanje ali kakr\u0161na koli druga\u010dna uporaba vsebin je strogo prepovedana.<\/p>\n\n\n\n<p><strong>POGOJI SODELOVANJA<\/strong><\/p>\n\n\n\n<p>Podjetje se zavezuje, da bo vse naro\u010dene storitve opravilo kakovostno ter v dogovorjenem roku.<\/p>\n\n\n\n<p>Podjetje ne jam\u010di za pravilnost, to\u010dnost in a\u017eurnost podatkov in informacij na spletnem mestu, ki so zgolj informativnega zna\u010daja, prav tako ne prevzema nobene neposredne ali posredne, od\u0161kodninske ali druge odgovornosti pri kateri koli opravljeni storitvi.<\/p>\n\n\n\n<p>Na nasvete, ki jih uporabniki prejmejo na spletnem mestu, v informacijskih proizvodih, pla\u010dljivih ali brezpla\u010dnih, ali v okviru individualnega ali skupinskega svetovanja, naj se ne zana\u0161ajo v zvezi z osebnimi, zdravstvenimi, finan\u010dnimi ali pravnimi odlo\u010ditvami.<\/p>\n\n\n\n<p>Dogovori in obljube predstavnika ali zaposlenega pri podjetju, podjetje zavezujejo samo v primeru, kadar podjetje pisno potrdi tak\u0161ne dogovore.<\/p>\n\n\n\n<p>Vsi izdelki, spletni programi in druge storitve podjetja se pla\u010dajo vnaprej oziroma skladno s pogoji oziroma dolo\u010dili pogodbe, oziroma pogoji na drugih straneh spletnega mesta. Cene izdelkov, spletnih programov in drugih storitev podjetja niso predmet pogajanja.<\/p>\n\n\n\n<p>Podjetje vse pridobljene podatke o naro\u010dnikih varuje v skladu z Zakonom o varstvu osebnih podatkov. Naro\u010dnik s sprejemom ponudbe pristaja na uporabo teh podatkov tudi za namene morebitnega obve\u0161\u010danja o ponudbi. \u010ce naro\u010dnik tega ne \u017eeli, lahko o tem poda izjavo ob prijavi.  <\/p>\n\n\n\n<p>IZDELKI IN STORITVE (\u010de je relevantno)<\/p>\n\n\n\n<p>Podjetje v nobenem primeru ni odgovorno za pomanjkanje rezultatov s strani uporabnikov spletnega mesta in naro\u010dnikov, ko gre za posredovanje znanja prek nasvetov na spletnem mestu, v spletnih programih in izdelkih oziroma svetovalnih paketih, saj je za implementacijo\/uporabo nau\u010denega in presojo, ali bi naro\u010dniku taka implementacija koristila, odgovoren naro\u010dnik sam.<\/p>\n\n\n\n<p>Dolo\u010deni izdelki ali storitve so na voljo izklju\u010dno prek spletne strani. Ti izdelki ali storitve so na voljo v omejenih koli\u010dinah in so predmet vra\u010dila ali zamenjave samo v skladu z na\u0161o politiko vra\u010dil.<\/p>\n\n\n\n<p>Trudimo se, da bi \u010dim bolj natan\u010dno prikazali barve in slike na\u0161ih izdelkov, ki so prikazani v trgovini. Ne moremo pa zagotoviti, da bo prikaz katerekoli barve na va\u0161em ra\u010dunalni\u0161kem monitorju natan\u010den.<\/p>\n\n\n\n<p>Ne jam\u010dimo, da bo kakovost kateregakoli izdelka, storitve, informacij ali drugega materiala, kupljenega ali pridobljenega pri nas, ustrezala va\u0161im pri\u010dakovanjem, ali da bodo morebitne napake v storitvi odpravljene.<\/p>\n\n\n\n<p>VRA\u010cILA ZA IZDELKE LASTNE PROIZVODNJE (tisk na visoko kakovostni fotografski papir)<\/p>\n\n\n\n<p>Kupec je upravi\u010den do zamenjave izdelka, vra\u010dilo kupnine pa ni mogo\u010de. V primeru nezadovoljstva nas mora kupec o tem obvestiti v treh (3) dneh po prejemu naro\u010dila na\u00a0<a>info@sasakrajnc.si<\/a>, da lahko uredimo postopek zamenjave. Stro\u0161ke po\u0161iljanja v zvezi z vra\u010dilom in ponovno dostavo krije kupec. Izdelki morajo biti vrnjeni v enakem stanju, kot so bili poslani, nepo\u0161kodovani in neuporabljeni.<\/p>\n\n\n\n<p>VRA\u010cILA ZA IZDELKE PO NARO\u010cILU (skodelice, prevleke za okrasne blazine, deke ipd.)<\/p>\n\n\n\n<p>Zaradi posebne narave izdelkov, ki so izdelani, natisnjeni ali ustvarjeni posebej za naro\u010dnika, vra\u010dila in zamenjave niso mogo\u010da, razen v primeru, ko izdelek prispe po\u0161kodovan ali z napako. Ta omejitev je jasno navedena na posamezni strani izdelka. V primeru dodatnih vpra\u0161anj ali uveljavljanja pravic nas lahko kontaktirate na <a>info@sasakrajnc.si<\/a>.<\/p>\n\n\n\n<p><strong>VRA\u010cILA ZA ORIGINALNE SLIKE<\/strong><\/p>\n\n\n\n<p>Vsi nakupi originalnih umetni\u0161kih del so dokon\u010dni. Zaradi njihove unikatne narave vra\u010dila ali zamenjave niso mogo\u010da. Pri predstavitvi unikatnih del se na spletni strani trudimo zagotoviti natan\u010dne opise in fotografije, da bi lahko sprejeli premi\u0161ljeno in odgovorno odlo\u010ditev ob nakupu.<\/p>\n\n\n\n<p><strong>DOBAVA IZDELKOV<\/strong><\/p>\n\n\n\n<p>Kupljeni izdelki bodo dostavljeni na katerikoli naslov na obmo\u010dju Slovenije ali na obmo\u010dju dr\u017eav Evropske unije. Za dostavo skrbi GLS, Po\u0161ta Slovenije ali drug dobavitelj po izbiri ponudnika.<\/p>\n\n\n\n<p><strong>DOBAVNI ROKI<\/strong><\/p>\n\n\n\n<p>Izdelke odpremimo v roku 48 ur po prejemu naro\u010dila. Po\u0161iljamo preko zanesljivih dostavnih slu\u017eb s sledenjem po\u0161iljki. Ko je va\u0161 paket odposlan, vas o tem obvestimo.<\/p>\n\n\n\n<p><strong>CENE STORITEV IN POPUSTI<\/strong><\/p>\n\n\n\n<p>Vse cene so navedene v EUR (evrih). DDV ni obra\u010dunan na podlagi 1. odstavka 94. \u010dlena Zakona o davku na dodano vrednost (Sa\u0161a Krajnc ni zavezanka za DDV). <\/p>\n\n\n\n<p>Cene veljajo v trenutku oddaje naro\u010dila in nimajo vnaprej dolo\u010dene veljavnosti, razen v primeru akcij, ko je veljavnost ponudbe posebej ozna\u010dena.<\/p>\n\n\n\n<p>Kljub naporom, da bi zagotovili najbolj a\u017eurne in to\u010dne podatke, se lahko zgodi, da je podatek o ceni napa\u010den. V tem primeru, ali v primeru, da se cena izdelka spremeni med obdelavo naro\u010dila, bo ponudnik kupcu omogo\u010dil odstop od nakupa. <\/p>\n\n\n\n<p>Podjetje lahko ponudi popust na dolo\u010deno storitev. Kadar so popusti na voljo, so ob izdelku, spletnem programu ali storitvi posebej ozna\u010deni.<\/p>\n\n\n\n<p>Investicija v katerikoli izdelek, program in svetovalni paket je zavezujo\u010da in ni vra\u010dljiva.<\/p>\n\n\n\n<p><strong>MERODAJNO PRAVO<\/strong><\/p>\n\n\n\n<p>Ti splo\u0161ni pogoji so podvr\u017eeni zakonodaji Republike Slovenije. Morebitne spore re\u0161uje stvarno in krajevno pristojno sodi\u0161\u010de Republike Slovenije. <\/p>\n\n\n\n<p>\u010ce je kateri koli del teh splo\u0161nih pogojev dolo\u010den kot neveljaven ali neizvr\u0161ljiv v skladu z veljavno zakonodajo, se smatra, do to neveljavno ali neizvr\u0161ljivo dolo\u010dbo zamenja veljavna, izvr\u0161ljiva dolo\u010dba, ki najbolje ustreza namenu prvotne dolo\u010dbe, preostanek splo\u0161nih pogojev pa ostane v veljavi.<\/p>\n","protected":false},"excerpt":{"rendered":"<p>SPLO\u0160NI POGOJI IN DOLO\u010cILA SPLO\u0160NE DOLO\u010cBE Splo\u0161ni pogoji veljajo za vse uporabnike spletnega mesta www.sasakrajnc.si. Spletna stran je v lasti Sa\u0161e Krajnc s.p., direktorice podjetja Prebujanje, In\u0161titut za kakovost \u017eivljenja, Ukmarjeva ul. 4, 1000 Ljubljana. Prosimo, da Splo\u0161ne pogoje poslovanja pozorno preberete, ker se nana\u0161ajo na va\u0161e zakonske pravice in dol\u017enosti. V kolikor se z [&hellip;]<\/p>\n","protected":false},"author":3,"featured_media":0,"parent":0,"menu_order":0,"comment_status":"closed","ping_status":"closed","template":"","meta":{"_seopress_robots_primary_cat":"","_seopress_titles_title":"","_seopress_titles_desc":"","_seopress_robots_index":"","_seopress_analysis_target_kw":"","_et_pb_use_builder":"off","_et_pb_old_content":"","_et_gb_content_width":"","footnotes":""},"class_list":["post-993","page","type-page","status-publish","hentry"],"_links":{"self":[{"href":"https:\/\/sasakrajnc.yourwebdev.com.au\/sl\/wp-json\/wp\/v2\/pages\/993","targetHints":{"allow":["GET"]}}],"collection":[{"href":"https:\/\/sasakrajnc.yourwebdev.com.au\/sl\/wp-json\/wp\/v2\/pages"}],"about":[{"href":"https:\/\/sasakrajnc.yourwebdev.com.au\/sl\/wp-json\/wp\/v2\/types\/page"}],"author":[{"embeddable":true,"href":"https:\/\/sasakrajnc.yourwebdev.com.au\/sl\/wp-json\/wp\/v2\/users\/3"}],"replies":[{"embeddable":true,"href":"https:\/\/sasakrajnc.yourwebdev.com.au\/sl\/wp-json\/wp\/v2\/comments?post=993"}],"version-history":[{"count":2,"href":"https:\/\/sasakrajnc.yourwebdev.com.au\/sl\/wp-json\/wp\/v2\/pages\/993\/revisions"}],"predecessor-version":[{"id":2249,"href":"https:\/\/sasakrajnc.yourwebdev.com.au\/sl\/wp-json\/wp\/v2\/pages\/993\/revisions\/2249"}],"wp:attachment":[{"href":"https:\/\/sasakrajnc.yourwebdev.com.au\/sl\/wp-json\/wp\/v2\/media?parent=993"}],"curies":[{"name":"wp","href":"https:\/\/api.w.org\/{rel}","templated":true}]}}